{"id":99,"date":"2012-08-27T13:58:54","date_gmt":"2012-08-27T11:58:54","guid":{"rendered":"http:\/\/kraemer-industriebehaelter.de\/?page_id=99"},"modified":"2023-03-16T10:34:58","modified_gmt":"2023-03-16T08:34:58","slug":"betriebsanlagen","status":"publish","type":"page","link":"https:\/\/kraemer-industriebehaelter.de\/en\/about\/betriebsanlagen","title":{"rendered":"Operational Facilities"},"content":{"rendered":"<p><!--:de--><\/p>\n<table style=\"width: 100%;\" border=\"0\">\n<tbody>\n<tr style=\"height: 24px;\">\n<td style=\"width: 71.1921%; height: 24px;\">Site size approx.<\/td>\n<td style=\"width: 70.7471%; height: 24px;\">ca. 18.000 m\u00b2<\/td>\n<\/tr>\n<tr style=\"height: 24px;\">\n<td style=\"width: 71.1921%; height: 24px;\">Buildings approx.<\/td>\n<td style=\"width: 70.7471%; height: 24px;\">ca. 4650 m\u00b2<\/td>\n<\/tr>\n<tr style=\"height: 24px;\">\n<td style=\"width: 71.1921%; height: 24px;\">Total floor area (buildings) approx.<\/td>\n<td style=\"width: 70.7471%; height: 24px;\">ca. 4900 m\u00b2<\/td>\n<\/tr>\n<\/tbody>\n<\/table>\n<p>A new production building, foremen\u2019s offices and modern personnel rooms were completed in 2011.<\/p>\n<p>\u00a0<\/p>\n<p><strong>Factory equipment:<\/strong>\u00a0<\/p>\n<ul>\n<li style=\"text-align: left;\">5 production buildings<\/li>\n<li>7 bridge cranes<\/li>\n<li>Mobile crane and 2 fork lift trucks<\/li>\n<\/ul>\n<p><strong>Production equipment:<\/strong>\u00a0<\/p>\n<ul>\n<li>Guillotine shears<\/li>\n<li>Metal saws<\/li>\n<li>3 and 4 roll sheet metal bending machines<\/li>\n<li>Folding press and flange bending machine<\/li>\n<li>Clamping devices for tank production<\/li>\n<li>Roller slewing devices<\/li>\n<li>Drills and lathes, milling machine (conventional and CNC)<\/li>\n<li>Welding manipulators<\/li>\n<li>Submerged arc welding machines for internal and external welding<\/li>\n<li>Electric, MAG, TIG, MIG, submerged arc welding, oxyacetylene &amp; plasma cutters<\/li>\n<li>Autogen- &amp; Plasmabrennschneideanlagen<\/li>\n<li>Paint spraying and coating plants (airless, hot spraying plant)<\/li>\n<li>Sandblasting building<\/li>\n<li>Paintshop<\/li>\n<li>Bitumen winder<\/li>\n<li>Pickling plant for the surface treatment of stainless steel<\/li>\n<\/ul>\n<p><!--:--><!--:en--><\/p>\n<p><!--:--><\/p>\n\n\n<figure class=\"wp-block-gallery has-nested-images columns-2 is-cropped wp-block-gallery-1 is-layout-flex wp-block-gallery-is-layout-flex\">\n<figure class=\"wp-block-image size-large\"><img loading=\"lazy\" decoding=\"async\" width=\"1024\" height=\"768\" data-id=\"2502\" src=\"https:\/\/kraemer-industriebehaelter.de\/wp-content\/uploads\/2019\/10\/P2231757-1024x768.jpg\" alt=\"\" class=\"wp-image-2502\" srcset=\"https:\/\/kraemer-industriebehaelter.de\/wp-content\/uploads\/2019\/10\/P2231757-1024x768.jpg 1024w, https:\/\/kraemer-industriebehaelter.de\/wp-content\/uploads\/2019\/10\/P2231757-300x225.jpg 300w, https:\/\/kraemer-industriebehaelter.de\/wp-content\/uploads\/2019\/10\/P2231757-768x576.jpg 768w\" sizes=\"auto, (max-width: 1024px) 100vw, 1024px\" \/><\/figure>\n\n\n\n<figure class=\"wp-block-image size-large\"><img loading=\"lazy\" decoding=\"async\" width=\"380\" height=\"280\" data-id=\"273\" src=\"https:\/\/kraemer-industriebehaelter.de\/wp-content\/uploads\/2012\/08\/krae_betriebsanlagen_2.jpg\" alt=\"\" class=\"wp-image-273\" srcset=\"https:\/\/kraemer-industriebehaelter.de\/wp-content\/uploads\/2012\/08\/krae_betriebsanlagen_2.jpg 380w, https:\/\/kraemer-industriebehaelter.de\/wp-content\/uploads\/2012\/08\/krae_betriebsanlagen_2-300x221.jpg 300w\" sizes=\"auto, (max-width: 380px) 100vw, 380px\" \/><\/figure>\n<\/figure>","protected":false},"excerpt":{"rendered":"<p>Grundst\u00fccksgr\u00f6\u00dfe ca. 18.000 m\u00b2 Geb\u00e4ude ca. 4650 m\u00b2 Gesamtgeschossfl\u00e4che (Geb\u00e4ude) ca. 4900 m\u00b2 Im Jahr 2011 wurden eine neue Fertigungshalle, Meisterb\u00fcros und moderne Sozialr\u00e4ume fertiggestellt. \u00a0 Betriebsaustattung:\u00a0 5 Fertigungshallen 7 &#8230;<\/p>","protected":false},"author":1,"featured_media":424,"parent":322,"menu_order":0,"comment_status":"closed","ping_status":"closed","template":"","meta":{"footnotes":""},"class_list":["post-99","page","type-page","status-publish","has-post-thumbnail","hentry"],"_links":{"self":[{"href":"https:\/\/kraemer-industriebehaelter.de\/en\/wp-json\/wp\/v2\/pages\/99","targetHints":{"allow":["GET"]}}],"collection":[{"href":"https:\/\/kraemer-industriebehaelter.de\/en\/wp-json\/wp\/v2\/pages"}],"about":[{"href":"https:\/\/kraemer-industriebehaelter.de\/en\/wp-json\/wp\/v2\/types\/page"}],"author":[{"embeddable":true,"href":"https:\/\/kraemer-industriebehaelter.de\/en\/wp-json\/wp\/v2\/users\/1"}],"replies":[{"embeddable":true,"href":"https:\/\/kraemer-industriebehaelter.de\/en\/wp-json\/wp\/v2\/comments?post=99"}],"version-history":[{"count":103,"href":"https:\/\/kraemer-industriebehaelter.de\/en\/wp-json\/wp\/v2\/pages\/99\/revisions"}],"predecessor-version":[{"id":3177,"href":"https:\/\/kraemer-industriebehaelter.de\/en\/wp-json\/wp\/v2\/pages\/99\/revisions\/3177"}],"up":[{"embeddable":true,"href":"https:\/\/kraemer-industriebehaelter.de\/en\/wp-json\/wp\/v2\/pages\/322"}],"wp:featuredmedia":[{"embeddable":true,"href":"https:\/\/kraemer-industriebehaelter.de\/en\/wp-json\/wp\/v2\/media\/424"}],"wp:attachment":[{"href":"https:\/\/kraemer-industriebehaelter.de\/en\/wp-json\/wp\/v2\/media?parent=99"}],"curies":[{"name":"wp","href":"https:\/\/api.w.org\/{rel}","templated":true}]}}