{"id":74,"date":"2012-08-27T12:25:50","date_gmt":"2012-08-27T10:25:50","guid":{"rendered":"http:\/\/kraemer-industriebehaelter.de\/?page_id=74"},"modified":"2023-03-16T11:21:55","modified_gmt":"2023-03-16T09:21:55","slug":"leistungen","status":"publish","type":"page","link":"https:\/\/kraemer-industriebehaelter.de\/en\/leistungen","title":{"rendered":"Capacities"},"content":{"rendered":"<p><!--:de--><\/p>\n<p>In addition to the construction of different vessels we offer the following qualified capacities:<\/p>\n<p>- welding and cutting technology<\/p>\n<p>- testing technology<\/p>\n<p>- surface treatment<\/p>\n<p><!--:--><\/p>\n\n\n<p><\/p>\n\n\n\n<p><\/p>","protected":false},"excerpt":{"rendered":"<p>Neben dem Beh\u00e4lterbau bieten wir Ihnen folgende qualifizierte Leistungen: &#8211; Schwei\u00df- und Schneidetechnik &#8211; Pr\u00fcftechnik &#8211; Oberfl\u00e4chenbehandlung<\/p>","protected":false},"author":1,"featured_media":2887,"parent":0,"menu_order":3,"comment_status":"closed","ping_status":"closed","template":"","meta":{"footnotes":""},"class_list":["post-74","page","type-page","status-publish","has-post-thumbnail","hentry"],"_links":{"self":[{"href":"https:\/\/kraemer-industriebehaelter.de\/en\/wp-json\/wp\/v2\/pages\/74","targetHints":{"allow":["GET"]}}],"collection":[{"href":"https:\/\/kraemer-industriebehaelter.de\/en\/wp-json\/wp\/v2\/pages"}],"about":[{"href":"https:\/\/kraemer-industriebehaelter.de\/en\/wp-json\/wp\/v2\/types\/page"}],"author":[{"embeddable":true,"href":"https:\/\/kraemer-industriebehaelter.de\/en\/wp-json\/wp\/v2\/users\/1"}],"replies":[{"embeddable":true,"href":"https:\/\/kraemer-industriebehaelter.de\/en\/wp-json\/wp\/v2\/comments?post=74"}],"version-history":[{"count":23,"href":"https:\/\/kraemer-industriebehaelter.de\/en\/wp-json\/wp\/v2\/pages\/74\/revisions"}],"predecessor-version":[{"id":3190,"href":"https:\/\/kraemer-industriebehaelter.de\/en\/wp-json\/wp\/v2\/pages\/74\/revisions\/3190"}],"wp:featuredmedia":[{"embeddable":true,"href":"https:\/\/kraemer-industriebehaelter.de\/en\/wp-json\/wp\/v2\/media\/2887"}],"wp:attachment":[{"href":"https:\/\/kraemer-industriebehaelter.de\/en\/wp-json\/wp\/v2\/media?parent=74"}],"curies":[{"name":"wp","href":"https:\/\/api.w.org\/{rel}","templated":true}]}}