{"id":68,"date":"2012-08-27T12:24:27","date_gmt":"2012-08-27T10:24:27","guid":{"rendered":"http:\/\/kraemer-industriebehaelter.de\/?page_id=68"},"modified":"2023-03-01T11:44:20","modified_gmt":"2023-03-01T09:44:20","slug":"home","status":"publish","type":"page","link":"https:\/\/kraemer-industriebehaelter.de\/en\/","title":{"rendered":"Home"},"content":{"rendered":"<p class=\"has-text-align-center custom-subtitle\">Founded in 1960<\/p>\n\n\n\n<h2 class=\"has-text-align-center custom-h2 wp-block-heading\">About Us<\/h2>\n\n\n\n<p><!--:de--><\/p>\n<p>Die Firma Kr\u00e4mer ist seit \u00fcber 60 Jahren in der Baubranche t\u00e4tig. An unserem Standort fertigen wir f\u00fcr unsere Kunden aus Anlagenbau, chemischer und pharmazeutischer Industrie, Petrochemie, Energiewirtschaft, Lebensmittel- und Umwelttechnik, Mineral\u00f6l- und Papierindustrie Sonderbeh\u00e4lter, Apparate, Fl\u00fcssiggasbeh\u00e4lter, W\u00e4rmespeicher, Druck-W\u00e4rmespeicher, Autoklaven, Lagerbeh\u00e4lter und Sonderkonstruktionen nach individuellen Vorgaben aus C-Stahl und Edelstahl in verschiedenen G\u00fcten. Der Name Kr\u00e4mer GmbH Industriebeh\u00e4lter steht f\u00fcr gepr\u00fcfte Qualit\u00e4t, jahrzehntelange Erfahrung, Flexibilit\u00e4t und Kundenorientierung. Wir freuen uns \u00fcber Ihr Interesse.Ihr Team der Kr\u00e4mer GmbH Industriebeh\u00e4lter.<\/p>\n<p>\u00a0<\/p>\n<p><!--:--><\/p>\n\n\n\n<figure class=\"wp-block-gallery has-nested-images columns-default is-cropped wp-block-gallery-1 is-layout-flex wp-block-gallery-is-layout-flex\">\n<figure class=\"wp-block-image size-large\"><img loading=\"lazy\" decoding=\"async\" width=\"380\" height=\"280\" data-id=\"262\" src=\"https:\/\/kraemer-industriebehaelter.de\/wp-content\/uploads\/2012\/08\/krae_unternehmen_2.jpg\" alt=\"\" class=\"wp-image-262\" srcset=\"https:\/\/kraemer-industriebehaelter.de\/wp-content\/uploads\/2012\/08\/krae_unternehmen_2.jpg 380w, https:\/\/kraemer-industriebehaelter.de\/wp-content\/uploads\/2012\/08\/krae_unternehmen_2-300x221.jpg 300w\" sizes=\"auto, (max-width: 380px) 100vw, 380px\" \/><\/figure>\n\n\n\n<figure class=\"wp-block-image size-large\"><img loading=\"lazy\" decoding=\"async\" width=\"600\" height=\"400\" data-id=\"2272\" src=\"https:\/\/kraemer-industriebehaelter.de\/wp-content\/uploads\/2019\/07\/kraemer-luftaufnahme.jpg\" alt=\"\" class=\"wp-image-2272\" srcset=\"https:\/\/kraemer-industriebehaelter.de\/wp-content\/uploads\/2019\/07\/kraemer-luftaufnahme.jpg 600w, https:\/\/kraemer-industriebehaelter.de\/wp-content\/uploads\/2019\/07\/kraemer-luftaufnahme-300x200.jpg 300w\" sizes=\"auto, (max-width: 600px) 100vw, 600px\" \/><\/figure>\n<\/figure>\n\n\n\n<p><a href=\"https:\/\/kraemer-industriebehaelter.de\/wp-content\/uploads\/2023\/03\/Datenschutzhinweis-Website.pdf\" target=\"_blank\" rel=\"noopener\">Datenschutzhinweis<\/a><\/p>","protected":false},"excerpt":{"rendered":"<p>Gegr\u00fcndet 1960 \u00dcber das Unternehmen Die Firma Kr\u00e4mer ist seit \u00fcber 60 Jahren in der Baubranche t\u00e4tig. An unserem Standort fertigen wir f\u00fcr unsere Kunden aus Anlagenbau, chemischer und pharmazeutischer &#8230;<\/p>","protected":false},"author":1,"featured_media":2734,"parent":0,"menu_order":1,"comment_status":"closed","ping_status":"closed","template":"template-frontpage.php","meta":{"footnotes":""},"class_list":["post-68","page","type-page","status-publish","has-post-thumbnail","hentry"],"_links":{"self":[{"href":"https:\/\/kraemer-industriebehaelter.de\/en\/wp-json\/wp\/v2\/pages\/68","targetHints":{"allow":["GET"]}}],"collection":[{"href":"https:\/\/kraemer-industriebehaelter.de\/en\/wp-json\/wp\/v2\/pages"}],"about":[{"href":"https:\/\/kraemer-industriebehaelter.de\/en\/wp-json\/wp\/v2\/types\/page"}],"author":[{"embeddable":true,"href":"https:\/\/kraemer-industriebehaelter.de\/en\/wp-json\/wp\/v2\/users\/1"}],"replies":[{"embeddable":true,"href":"https:\/\/kraemer-industriebehaelter.de\/en\/wp-json\/wp\/v2\/comments?post=68"}],"version-history":[{"count":43,"href":"https:\/\/kraemer-industriebehaelter.de\/en\/wp-json\/wp\/v2\/pages\/68\/revisions"}],"predecessor-version":[{"id":3221,"href":"https:\/\/kraemer-industriebehaelter.de\/en\/wp-json\/wp\/v2\/pages\/68\/revisions\/3221"}],"wp:featuredmedia":[{"embeddable":true,"href":"https:\/\/kraemer-industriebehaelter.de\/en\/wp-json\/wp\/v2\/media\/2734"}],"wp:attachment":[{"href":"https:\/\/kraemer-industriebehaelter.de\/en\/wp-json\/wp\/v2\/media?parent=68"}],"curies":[{"name":"wp","href":"https:\/\/api.w.org\/{rel}","templated":true}]}}