{"id":336,"date":"2012-10-04T15:59:54","date_gmt":"2012-10-04T13:59:54","guid":{"rendered":"http:\/\/kraemer-industriebehaelter.de\/?page_id=336"},"modified":"2023-03-16T11:22:35","modified_gmt":"2023-03-16T09:22:35","slug":"pruftechnik","status":"publish","type":"page","link":"https:\/\/kraemer-industriebehaelter.de\/en\/leistungen\/pruftechnik","title":{"rendered":"Testing technology"},"content":{"rendered":"<p><!--:de--><\/p>\n<p><strong>The following non-destructive testing methods are used:<\/strong><\/p>\n<p>- X-ray radiographic testing<br \/>- Hydrostatic test<br \/>- Surface crack test<br \/>- Visual inspections<br \/>- Coating thickness measurement\/test<br \/>- Ultrasound measurement\/testing<\/p>\n<p>The evaluation is carried out by our own personnel or by expert organisations commissioned by us.<\/p>\n<table style=\"width: 100%; height: 90px; border-width: 0px; border-color: #000000;\" border=\"0\" frame=\"box\">\n<tbody>\n<tr>\n<td style=\"border: 1px solid #000000; padding: 50px;\" class=\"translation-block\"><span style=\"text-decoration: underline\"><strong>Qualifications:<\/strong> <\/span><br>Welding engineers<br>Approved welders <br>Non-destructive-testing experts acc. To DIN EN 473 <br>PT2, RT 2, VT 2<\/td>\n<\/tr>\n<\/tbody>\n<\/table>\n<p><!--:--><\/p>","protected":false},"excerpt":{"rendered":"<p>Zum Einsatz kommen folgende zerst\u00f6rungsfreie Pr\u00fcftechniken: &#8211; R\u00f6ntgenpr\u00fcfung&#8211; Wasserdruckpr\u00fcfung&#8211; Oberfl\u00e4chenrisspr\u00fcfung&#8211; Visuelle Pr\u00fcfungen&#8211; Schichtdickenmessung\/ -pr\u00fcfung&#8211; Ultraschallmessung\/ -pr\u00fcfung Die Auswertung erfolgt durch eigenes Personal oder durch beauftragte Sachverst\u00e4ndigen-Organisationen. Qualifikationen:SFI, SFMZFP-Personal nach DIN &#8230;<\/p>","protected":false},"author":1,"featured_media":2892,"parent":74,"menu_order":0,"comment_status":"closed","ping_status":"open","template":"","meta":{"footnotes":""},"class_list":["post-336","page","type-page","status-publish","has-post-thumbnail","hentry"],"_links":{"self":[{"href":"https:\/\/kraemer-industriebehaelter.de\/en\/wp-json\/wp\/v2\/pages\/336","targetHints":{"allow":["GET"]}}],"collection":[{"href":"https:\/\/kraemer-industriebehaelter.de\/en\/wp-json\/wp\/v2\/pages"}],"about":[{"href":"https:\/\/kraemer-industriebehaelter.de\/en\/wp-json\/wp\/v2\/types\/page"}],"author":[{"embeddable":true,"href":"https:\/\/kraemer-industriebehaelter.de\/en\/wp-json\/wp\/v2\/users\/1"}],"replies":[{"embeddable":true,"href":"https:\/\/kraemer-industriebehaelter.de\/en\/wp-json\/wp\/v2\/comments?post=336"}],"version-history":[{"count":68,"href":"https:\/\/kraemer-industriebehaelter.de\/en\/wp-json\/wp\/v2\/pages\/336\/revisions"}],"predecessor-version":[{"id":3192,"href":"https:\/\/kraemer-industriebehaelter.de\/en\/wp-json\/wp\/v2\/pages\/336\/revisions\/3192"}],"up":[{"embeddable":true,"href":"https:\/\/kraemer-industriebehaelter.de\/en\/wp-json\/wp\/v2\/pages\/74"}],"wp:featuredmedia":[{"embeddable":true,"href":"https:\/\/kraemer-industriebehaelter.de\/en\/wp-json\/wp\/v2\/media\/2892"}],"wp:attachment":[{"href":"https:\/\/kraemer-industriebehaelter.de\/en\/wp-json\/wp\/v2\/media?parent=336"}],"curies":[{"name":"wp","href":"https:\/\/api.w.org\/{rel}","templated":true}]}}