{"id":333,"date":"2012-10-04T15:59:22","date_gmt":"2012-10-04T13:59:22","guid":{"rendered":"http:\/\/kraemer-industriebehaelter.de\/?page_id=333"},"modified":"2023-03-16T11:22:16","modified_gmt":"2023-03-16T09:22:16","slug":"schweis-schneidetechnik","status":"publish","type":"page","link":"https:\/\/kraemer-industriebehaelter.de\/en\/leistungen\/schweis-schneidetechnik","title":{"rendered":"Welding \/ cutting technology"},"content":{"rendered":"<p><!--:de--><\/p>\n<p>Our welding coordinators include two welding engineers and two specialized, qualified welders. Our welders are examined to EN 287-1 and ASME Sec. IX and are qualified for:<\/p>\n<p>\u00a0<\/p>\n<table style=\"height: 231px; width: 100%; ; height: 231px;\">\n<tbody>\n<tr>\n<td width=\"500\">\n<ul>\n<li>TIG-welding (hand)<\/li>\n<\/ul>\n<\/td>\n<td width=\"500\">\n<ul>\n<li>EN ISO 4063 Process 141<\/li>\n<\/ul>\n<\/td>\n<\/tr>\n<tr>\n<td width=\"500\">\n<ul>\n<li>MAG-welding (hand and machine)<\/li>\n<\/ul>\n<\/td>\n<td width=\"500\">\n<ul>\n<li>EN ISO 4063 Process 135<\/li>\n<\/ul>\n<\/td>\n<\/tr>\n<tr>\n<td width=\"500\">\n<ul>\n<li>Submerged arc welding (machine, internal and external)<\/li>\n<\/ul>\n<\/td>\n<td width=\"500\">\n<ul>\n<li>EN ISO 4063 Process 121<\/li>\n<\/ul>\n<\/td>\n<\/tr>\n<tr>\n<td width=\"500\">\n<ul>\n<li>SMAW (shielded metal arc welding)<\/li>\n<\/ul>\n<\/td>\n<td width=\"500\">\n<ul>\n<li>EN ISO 4063 Process 111<\/li>\n<\/ul>\n<\/td>\n<\/tr>\n<\/tbody>\n<\/table>\n<p>Welding procedure qualifications:<\/p>\n<ul>\n<li>DIN EN ISO 15614-1<\/li>\n<li>AD 2000 data sheet HP 2\/1<\/li>\n<li>ASME Sec. IX<\/li>\n<\/ul>\n<p>CNC-controlled plasma and gas cutting<\/p>\n<p><!--:--><!--:en--><\/p>\n<p><!--:--><\/p>\n\n\n<figure class=\"wp-block-gallery has-nested-images columns-1 is-cropped wp-block-gallery-1 is-layout-flex wp-block-gallery-is-layout-flex\">\n<figure class=\"wp-block-image\"><img loading=\"lazy\" decoding=\"async\" width=\"906\" height=\"1024\" data-id=\"2559\" src=\"https:\/\/kraemer-industriebehaelter.de\/wp-content\/uploads\/2019\/12\/DSC03783A-906x1024.jpg\" alt=\"\" class=\"wp-image-2559\" srcset=\"https:\/\/kraemer-industriebehaelter.de\/wp-content\/uploads\/2019\/12\/DSC03783A-906x1024.jpg 906w, https:\/\/kraemer-industriebehaelter.de\/wp-content\/uploads\/2019\/12\/DSC03783A-266x300.jpg 266w, https:\/\/kraemer-industriebehaelter.de\/wp-content\/uploads\/2019\/12\/DSC03783A-768x868.jpg 768w, https:\/\/kraemer-industriebehaelter.de\/wp-content\/uploads\/2019\/12\/DSC03783A.jpg 1642w\" sizes=\"auto, (max-width: 906px) 100vw, 906px\" \/><\/figure>\n<\/figure>","protected":false},"excerpt":{"rendered":"<p>Unser Schwei\u00dfaufsichtspersonal besteht aus zwei Schwei\u00dffachingenieuren und zwei Schwei\u00dffachm\u00e4nnern. Unsere Schwei\u00dfer sind gepr\u00fcft nach DIN EN 287-1 und ASME Sec. IX und qualifiziert f\u00fcr: \u00a0 WIG-Schwei\u00dfen (Hand) EN ISO 4063 &#8230;<\/p>","protected":false},"author":1,"featured_media":2890,"parent":74,"menu_order":0,"comment_status":"closed","ping_status":"open","template":"","meta":{"footnotes":""},"class_list":["post-333","page","type-page","status-publish","has-post-thumbnail","hentry"],"_links":{"self":[{"href":"https:\/\/kraemer-industriebehaelter.de\/en\/wp-json\/wp\/v2\/pages\/333","targetHints":{"allow":["GET"]}}],"collection":[{"href":"https:\/\/kraemer-industriebehaelter.de\/en\/wp-json\/wp\/v2\/pages"}],"about":[{"href":"https:\/\/kraemer-industriebehaelter.de\/en\/wp-json\/wp\/v2\/types\/page"}],"author":[{"embeddable":true,"href":"https:\/\/kraemer-industriebehaelter.de\/en\/wp-json\/wp\/v2\/users\/1"}],"replies":[{"embeddable":true,"href":"https:\/\/kraemer-industriebehaelter.de\/en\/wp-json\/wp\/v2\/comments?post=333"}],"version-history":[{"count":74,"href":"https:\/\/kraemer-industriebehaelter.de\/en\/wp-json\/wp\/v2\/pages\/333\/revisions"}],"predecessor-version":[{"id":3191,"href":"https:\/\/kraemer-industriebehaelter.de\/en\/wp-json\/wp\/v2\/pages\/333\/revisions\/3191"}],"up":[{"embeddable":true,"href":"https:\/\/kraemer-industriebehaelter.de\/en\/wp-json\/wp\/v2\/pages\/74"}],"wp:featuredmedia":[{"embeddable":true,"href":"https:\/\/kraemer-industriebehaelter.de\/en\/wp-json\/wp\/v2\/media\/2890"}],"wp:attachment":[{"href":"https:\/\/kraemer-industriebehaelter.de\/en\/wp-json\/wp\/v2\/media?parent=333"}],"curies":[{"name":"wp","href":"https:\/\/api.w.org\/{rel}","templated":true}]}}