{"id":3232,"date":"2023-11-28T14:40:27","date_gmt":"2023-11-28T12:40:27","guid":{"rendered":"https:\/\/kraemer-industriebehaelter.de\/?page_id=3232"},"modified":"2023-11-28T14:58:51","modified_gmt":"2023-11-28T12:58:51","slug":"datenschutzhinweise-videoueberwachung","status":"publish","type":"page","link":"https:\/\/kraemer-industriebehaelter.de\/en\/datenschutzhinweise-videoueberwachung","title":{"rendered":"Datenschutzhinweise zur Video\u00fcberwachung"},"content":{"rendered":"<p><meta name=\"robots\" content=\"noindex\"><\/p>\n\n\n\n\n\n\n<p>Wir setzen auf dem von uns genutzten Grundst\u00fcck <strong>Video\u00fcberwachung<\/strong> ein.<\/p>\n<p>&nbsp;<\/p>\n<h3>Zweck der Video\u00fcberwachung und Rechtsgrundlage<\/h3>\n<p>Die Video\u00fcberwachung erfolgt zur Wahrnehmung des <strong>Hausrechts<\/strong>, zur <strong>Vermeidung<\/strong> <strong>von Straftaten<\/strong> sowie zur <strong>Beweissicherung<\/strong> bei Straftaten. <strong>Rechtsgrundlage<\/strong> der Video\u00fcberwachung ist Art. 6 Abs. 1 lit. f DSGVO. Unsere Interessen ergeben sich aus den vorgenannten Zwecken.<\/p>\n<p>Um den schutzw\u00fcrdigen Interessen unserer Besch\u00e4ftigten Rechnung zu tragen findet die Video\u00fcberwachung au\u00dferhalt der Betriebszeiten statt, montags bis freitags von 16.00 Uhr bis 6.00 Uhr, am Wochenende und an Feiertagen ganztags.<\/p>\n<h2>&nbsp;<\/h2>\n<h3>Empf\u00e4nger \/ Weitergabe von Daten<\/h3>\n<p>Die Verarbeitung von personenbezogenen Daten im Rahmen der Video\u00fcberwachung findet ausschlie\u00dflich auf betriebseigenem Gel\u00e4nde und auf eigener Hardware statt.<\/p>\n<p>Eine Weitergabe der Daten findet nur statt, wenn es eine Rechtsgrundlage f\u00fcr die Weitergabe gibt. Dies kann insbesondere der Fall sein, wenn die Polizei oder sonstige Sicherheitsbeh\u00f6rden im Rahmen der sog. Gefahrenabwehr t\u00e4tig werden und einen Zugriff auf die Daten der Video\u00fcberwachung verlange oder der Verdacht von strafbaren Handlungen besteht. In diesen F\u00e4llen geben wir die Daten ggf. an Strafverfolgungsbeh\u00f6rden weiter.<\/p>\n<p>&nbsp;<\/p>\n<h3>Datenschutzbeauftragter<\/h3>\n<p>Wir haben einen Datenschutzbeauftragten benannt. Sie erreichen diesen unter <a href=\"mailto:datenschutz@kraemer-industriebehaelter.de\">datenschutz@kraemer-industriebehaelter.de<\/a><\/p>\n<p>&nbsp;<\/p>\n<h3>Ihre Rechte als Betroffene\/r<\/h3>\n<p>Sie haben das Recht auf <strong>Auskunft<\/strong> \u00fcber die Sie betreffenden personenbezogenen Daten. Sie k\u00f6nnen sich f\u00fcr eine Auskunft jederzeit an uns wenden. Bei einer Auskunftsanfrage, die nicht schriftlich erfolgt, bitten wir um Verst\u00e4ndnis daf\u00fcr, dass wir ggf. Nachweise von Ihnen verlangen, die belegen, dass Sie die Person sind, f\u00fcr die Sie sich ausgeben. Ferner haben Sie ein Recht auf <strong>Berichtigung<\/strong> oder <strong>L\u00f6schung<\/strong> oder auf <strong>Einschr\u00e4nkung<\/strong> der Verarbeitung, soweit Ihnen dies gesetzlich zusteht. Ein Recht auf <strong>Daten\u00fcbertragbarkeit<\/strong> besteht ebenfalls im Rahmen der datenschutzrechtlichen Vorgaben.<\/p>\n<p>&nbsp;<\/p>\n<h3>L\u00f6schung von Daten<\/h3>\n<p>Daten aus der Video\u00fcberwachung werden grunds\u00e4tzlich nach Ablauf von 72 Stunden gel\u00f6scht. Eine l\u00e4ngere Speicherung kann anlassbezogen erfolgen, wenn Tatsachen die Annahme rechtfertigen, dass auf Aufnahmen aus einem eingegrenzten Zeitraum, Handlungen zu sehen sind, die als Straftat verfolgt oder zur Geltendmachung von zivilrechtlichen Anspr\u00fcchen genutzt werden sollen. Im Falle von Abwesenheit oder Krankheit des zust\u00e4ndigen Personals k\u00f6nnen Videoaufzeichnungen im Einzelfall bis zu 10 Tage erfolgen.<\/p>\n<h2>&nbsp;<\/h2>\n<h3>Beschwerderecht bei einer Aufsichtsbeh\u00f6rde<\/h3>\n<p>Sie haben das Recht, sich \u00fcber die Verarbeitung personenbezogenen Daten durch uns bei einer <strong>Aufsichtsbeh\u00f6rde<\/strong> f\u00fcr den Datenschutz zu beschweren.<\/p>","protected":false},"excerpt":{"rendered":"<p>Wir setzen auf dem von uns genutzten Grundst\u00fcck Video\u00fcberwachung ein. &nbsp; Zweck der Video\u00fcberwachung und Rechtsgrundlage Die Video\u00fcberwachung erfolgt zur Wahrnehmung des Hausrechts, zur Vermeidung von Straftaten sowie zur Beweissicherung &#8230;<\/p>","protected":false},"author":1,"featured_media":0,"parent":0,"menu_order":0,"comment_status":"closed","ping_status":"closed","template":"","meta":{"footnotes":""},"class_list":["post-3232","page","type-page","status-publish","hentry"],"_links":{"self":[{"href":"https:\/\/kraemer-industriebehaelter.de\/en\/wp-json\/wp\/v2\/pages\/3232","targetHints":{"allow":["GET"]}}],"collection":[{"href":"https:\/\/kraemer-industriebehaelter.de\/en\/wp-json\/wp\/v2\/pages"}],"about":[{"href":"https:\/\/kraemer-industriebehaelter.de\/en\/wp-json\/wp\/v2\/types\/page"}],"author":[{"embeddable":true,"href":"https:\/\/kraemer-industriebehaelter.de\/en\/wp-json\/wp\/v2\/users\/1"}],"replies":[{"embeddable":true,"href":"https:\/\/kraemer-industriebehaelter.de\/en\/wp-json\/wp\/v2\/comments?post=3232"}],"version-history":[{"count":5,"href":"https:\/\/kraemer-industriebehaelter.de\/en\/wp-json\/wp\/v2\/pages\/3232\/revisions"}],"predecessor-version":[{"id":3237,"href":"https:\/\/kraemer-industriebehaelter.de\/en\/wp-json\/wp\/v2\/pages\/3232\/revisions\/3237"}],"wp:attachment":[{"href":"https:\/\/kraemer-industriebehaelter.de\/en\/wp-json\/wp\/v2\/media?parent=3232"}],"curies":[{"name":"wp","href":"https:\/\/api.w.org\/{rel}","templated":true}]}}