{"id":322,"date":"2012-10-04T12:46:20","date_gmt":"2012-10-04T10:46:20","guid":{"rendered":"http:\/\/kraemer-industriebehaelter.de\/?page_id=322"},"modified":"2023-03-16T10:33:54","modified_gmt":"2023-03-16T08:33:54","slug":"about","status":"publish","type":"page","link":"https:\/\/kraemer-industriebehaelter.de\/en\/about","title":{"rendered":"About"},"content":{"rendered":"<p>Kr\u00e4mer has been working in the tank and vessel building industry for more than 60 years.<br>At our location we produce special tanks, apparatus, liquid gas tanks, autoclaves, storage tanks and special constructions to individual specifications, made of various grade C steel and stainless steel, for our customers in the plant building, chemical and pharmaceutical industry, petrochemicals, energy industry, food and environmental engineering, mineral oil and paper industry. The name Kr\u00e4mer GmbH Industriebeh\u00e4lter stands for tested quality, decades of experience, flexibility and customer focus. We are pleased about your interest. Your Kr\u00e4mer GmbH Industriebeh\u00e4lter team<\/p>\n\n\n\n<p><\/p>\n\n\n\n<p><\/p>\n\n\n\n<p><\/p>","protected":false},"excerpt":{"rendered":"<p>Die Firma Kr\u00e4mer ist seit \u00fcber 60 Jahren in der Beh\u00e4lterbaubranche t\u00e4tig.An unserem Standort fertigen wir f\u00fcr unsere Kunden aus Anlagenbau, chemischer und pharmazeutischer Industrie, Petrochemie, Energiewirtschaft, Lebensmittel und Umwelttechnik, &#8230;<\/p>","protected":false},"author":1,"featured_media":262,"parent":0,"menu_order":0,"comment_status":"closed","ping_status":"closed","template":"","meta":{"footnotes":""},"class_list":["post-322","page","type-page","status-publish","has-post-thumbnail","hentry"],"_links":{"self":[{"href":"https:\/\/kraemer-industriebehaelter.de\/en\/wp-json\/wp\/v2\/pages\/322","targetHints":{"allow":["GET"]}}],"collection":[{"href":"https:\/\/kraemer-industriebehaelter.de\/en\/wp-json\/wp\/v2\/pages"}],"about":[{"href":"https:\/\/kraemer-industriebehaelter.de\/en\/wp-json\/wp\/v2\/types\/page"}],"author":[{"embeddable":true,"href":"https:\/\/kraemer-industriebehaelter.de\/en\/wp-json\/wp\/v2\/users\/1"}],"replies":[{"embeddable":true,"href":"https:\/\/kraemer-industriebehaelter.de\/en\/wp-json\/wp\/v2\/comments?post=322"}],"version-history":[{"count":20,"href":"https:\/\/kraemer-industriebehaelter.de\/en\/wp-json\/wp\/v2\/pages\/322\/revisions"}],"predecessor-version":[{"id":3175,"href":"https:\/\/kraemer-industriebehaelter.de\/en\/wp-json\/wp\/v2\/pages\/322\/revisions\/3175"}],"wp:featuredmedia":[{"embeddable":true,"href":"https:\/\/kraemer-industriebehaelter.de\/en\/wp-json\/wp\/v2\/media\/262"}],"wp:attachment":[{"href":"https:\/\/kraemer-industriebehaelter.de\/en\/wp-json\/wp\/v2\/media?parent=322"}],"curies":[{"name":"wp","href":"https:\/\/api.w.org\/{rel}","templated":true}]}}