{"id":2179,"date":"2019-06-24T11:49:23","date_gmt":"2019-06-24T09:49:23","guid":{"rendered":"http:\/\/kraemer-industriebehaelter.de\/?page_id=2179"},"modified":"2023-04-05T09:34:53","modified_gmt":"2023-04-05T07:34:53","slug":"datenschutz","status":"publish","type":"page","link":"https:\/\/kraemer-industriebehaelter.de\/en\/datenschutz","title":{"rendered":"Privacy"},"content":{"rendered":"<p><strong>Datenschutzhinweise<\/strong><\/p>\n<p><strong>\u00a0<\/strong><\/p>\n<p><strong>Verantwortlicher<\/strong><\/p>\n<p><strong>\u00a0<\/strong><\/p>\n<p>Kr\u00e4mer GmbH Industriebeh\u00e4lter<br \/>\nDonauw\u00f6rther Stra\u00dfe 47<br \/>\n86641 Rain am Lech<\/p>\n<p>Kontaktdaten: <a href=\"https:\/\/kraemer-industriebehaelter.de\/en\/kontakt\/\">https:\/\/kraemer-industriebehaelter.de\/kontakt<\/a><\/p>\n<p><strong>\u00a0<\/strong><\/p>\n<p><strong>Datenschutzbeauftragter<\/strong><\/p>\n<p>F\u00fcr unser Unternehmen haben wir einen Datenschutzbeauftragten bestellt. Diesen erreichen Sie unter: datenschutz [\u00e4t] kraemer-industriebehaelter.de<\/p>\n<p>Sie haben jederzeit das Recht, unentgeltlich Auskunft \u00fcber Herkunft, Empf\u00e4nger und Zweck Ihrer gespeicherten personenbezogenen Daten zu erhalten. Sie haben au\u00dferdem ein Recht, die Berichtigung oder L\u00f6schung dieser Daten zu verlangen. Wenn Sie eine Einwilligung zur Datenverarbeitung erteilt haben, k\u00f6nnen Sie diese Einwilligung jederzeit f\u00fcr die Zukunft widerrufen. Au\u00dferdem haben Sie das Recht, unter bestimmten Umst\u00e4nden die Einschr\u00e4nkung der Verarbeitung Ihrer personenbezogenen Daten zu verlangen. Des Weiteren steht Ihnen ein Beschwerderecht bei der zust\u00e4ndigen Aufsichtsbeh\u00f6rde zu.<\/p>\n<p>Hierzu sowie zu weiteren Fragen zum Thema Datenschutz k\u00f6nnen Sie sich jederzeit an unseren o.g. Datenschutzbeauftragten wenden.<\/p>\n<p><strong>DATENSCHUTZHINWEISE F\u00dcR WEBSEITENBESUCHER<\/strong><\/p>\n<p>Diese Datenschutzhinweise kl\u00e4ren Sie \u00fcber die Art, den Umfang und Zweck der Verarbeitung von personenbezogenen Daten beim Besuch unserer Webseite auf. Personenbezogene Daten sind alle Daten, mit denen Sie pers\u00f6nlich identifiziert werden k\u00f6nnen. Im Rahmen des Webseitenbesuches k\u00f6nnen diese z.B. sein: IP-Adresse, Ger\u00e4te-ID, Betriebssystem, Browserfingerprint, Meta- und Kommunikationsdaten. Wir verarbeiten Ihre Daten um eine fehlerfreie Bereitstellung der Website zu gew\u00e4hrleisten.<\/p>\n<p><strong>Hosting<\/strong><\/p>\n<p>Diese Website wird bei einem externen Dienstleister gehostet. Die personenbezogenen Daten, die auf dieser Website erfasst werden, werden auf den Servern des Hosters verarbeitet.<\/p>\n<p>Der Einsatz des Hosters erfolgt zum Zwecke des Webseitenbetriebs des Empfangs und Versands von E-Mails. Unser Hoster wird Ihre Daten nur insoweit verarbeiten, wie dies zur Erf\u00fcllung seiner Leistungspflichten erforderlich ist und unsere Weisungen in Bezug auf diese Daten befolgen. Wir einen Vertrag \u00fcber Auftragsverarbeitung geschlossen. Der Hoster der Seiten erhebt und speichert automatisch Informationen in so genannten Server-Log-Dateien, die Ihr Browser automatisch an uns \u00fcbermittelt.<\/p>\n<p>Dies sind:<\/p>\n<ul>\n<li>Browsertyp und Browserversion<\/li>\n<li>verwendetes Betriebssystem<\/li>\n<li>Referrer URL<\/li>\n<li>Hostname des zugreifenden Rechners<\/li>\n<li>Uhrzeit der Serveranfrage<\/li>\n<li>IP-Adresse<\/li>\n<li>Ger\u00e4te-\/ Hardwareinformationen<\/li>\n<\/ul>\n<p>Eine Zusammenf\u00fchrung dieser Daten mit anderen Datenquellen wird nicht vorgenommen.<\/p>\n<p>Die Erfassung dieser Daten erfolgt auf Grundlage von Art. 6 Abs. 1 lit. f DSGVO. Der Websitebetreiber hat ein berechtigtes Interesse an der technisch fehlerfreien Darstellung und der Optimierung seiner Website \u2013 hierzu m\u00fcssen die Server-Log-Files erfasst werden.<\/p>\n<p><strong>Sicherheitsma\u00dfnahmen<\/strong><\/p>\n<p>Diese Seite nutzt aus Sicherheitsgr\u00fcnden und zum Schutz der \u00dcbertragung von Daten zwischen Ihrem Browser und unserem Server eine SSL-Verschl\u00fcsselung. Eine verschl\u00fcsselte Verbindung erkennen Sie daran, dass die Adresszeile des Browsers von \u201ehttp:\/\/\u201c auf \u201ehttps:\/\/\u201c wechselt und an dem Schloss-Symbol in Ihrer Browserzeile.<\/p>\n<p><strong>Speicherdauer<\/strong><\/p>\n<p>Gespeicherte Daten werden gel\u00f6scht, sobald sie f\u00fcr ihre Zweckbestimmung nicht mehr erforderlich sind und der L\u00f6schung keine gesetzlichen Aufbewahrungspflichten entgegenstehen.<\/p>\n<p><strong>DATENSCHUTZHINWEISE F\u00dcR INTERESSENTEN, KUNDEN, DRITTE<\/strong><\/p>\n<p><strong>\u00a0<\/strong><\/p>\n<p><strong>Zwecke der Datenverarbeitung<\/strong><\/p>\n<p>Erhebung und Verarbeitung zu Kommunikationszwecken, Erhebung und Verarbeitung zur Erstellung eines Angebots, Erhebung und Verarbeitung zur Erf\u00fcllung des Vertrags, Erhebung und Verarbeitung im Rahmen rechtlicher Verpflichtungen.<\/p>\n<p><strong>Rechtliche Grundlagen und Speicherdauer<\/strong><\/p>\n<p>Rechtsgrundlagen f\u00fcr die Verarbeitung Ihrer Daten sind:<\/p>\n<p>Art. 6 Abs. 1 lit a DSGVO, sofern Sie uns eine Einwilligung erteilt haben. Die Speicherung erfolgt solange, bis Sie als Betroffener die L\u00f6schung verlangen. Art. 6 Abs. 1 lit. b DSGVO, zur Erf\u00fcllung des Vertrages oder vorvertraglicher Ma\u00dfnahmen. Art. 6 Abs. 1 lit. f DSGVO, aufgrund unseres berechtigten Interesses, soweit Ihre Grundrechte und Grundfreiheiten dem nicht entgegenstehen.<\/p>\n<p>Die Daten, die wir aufgrund Art. 6 Abs. 1 lit. b, Art. 6 Abs. 1 lit. f verarbeiten werden gel\u00f6scht, sobald sie f\u00fcr den Zweck ihrer Verarbeitung nicht mehr erforderlich sind, es sei denn, dass die L\u00f6schung aufgrund gesetzliche Aufbewahrungsfristen nicht m\u00f6glich und eine weitere Verarbeitung gem. Artikel 6 Abs. 1 lit. c DSGVO zwingend ist oder Sie uns nach Art. 6 Abs. 1 lit. a DSGVO eine Einwilligung \u00fcber eine dar\u00fcberhinausgehende Speicherung Ihrer Daten erteilt haben oder diese zur Geltendmachung, Aus\u00fcbung und Verteidigung von Rechtsanspr\u00fcchen gem. Artikel 17 Abs. 3 lit. e DSGVO erforderlich sind.<\/p>\n<p>Empf\u00e4nger Ihrer personenbezogenen Daten sind: Auftragsverarbeiter, Steuerberater.<\/p>\n<p>M\u00f6gliche Empf\u00e4nger bei Rechtsstreitigkeiten k\u00f6nnen sein, Rechtsanw\u00e4lte, Inkasso-dienstleister, Staatsanwaltschaften, Gerichte oder sonstige Beh\u00f6rden.<\/p>\n<p>Die Daten werden ausschlie\u00dflich bei der verantwortlichen Stelle erhoben.<\/p>\n<p>Es findet keine Daten\u00fcbermittlung in Drittl\u00e4nder statt.<\/p>\n<p>Es erfolgt keine automatisierte Entscheidungsfindung oder Profiling.<\/p>\n<p><strong>DATENSCHUTZHINWEISE F\u00dcR BEWERBER<\/strong><\/p>\n<p>Wir weisen darauf hin, dass die Daten\u00fcbertragung im Internet bei der Kommunikation per E-Mail Sicherheitsl\u00fccken aufweisen kann. Daher empfehlen wir grunds\u00e4tzlich keine sensiblen Daten, wie Zeugnisse, Lebensl\u00e4ufe, etc. unverschl\u00fcsselt per E-Mail zu versenden.<\/p>\n<p>Falls Sie dennoch eine E-Mail versenden m\u00f6chten, verschl\u00fcsseln Sie bitte die Anh\u00e4nge nach aktuellem technischen Stand und \u00fcbermitteln uns das Kennwort auf getrenntem Wege bspw. per Telefon.<\/p>\n<p>Bitte senden Sie Ihre Bewerbung ausschlie\u00dflich an <a href=\"mailto:bewerbung@kraemer-industriebehaelter.de\">bewerbung[at]kraemer-industriebehaelter.de<\/a>. Andere E-Mail-Postf\u00e4cher werden revisionssicher archiviert, hier ist die Einhaltung der erforderlichen L\u00f6schfristen nicht m\u00f6glich!<\/p>\n<p>Wenn Sie uns eine Bewerbung zukommen lassen, verarbeiten wir Ihre damit verbundenen personenbezogenen Daten (z. B. Kontakt- und Kommunikationsdaten, Bewerbungsunterlagen, Notizen im Rahmen von Bewerbungsgespr\u00e4chen etc.), soweit dies zur Entscheidung \u00fcber die Begr\u00fcndung eines Besch\u00e4ftigungsverh\u00e4ltnisses erforderlich ist. Rechtsgrundlage hierf\u00fcr ist \u00a7 26 BDSG-neu nach deutschem Recht (Anbahnung eines Besch\u00e4ftigungsverh\u00e4ltnisses), Art. 6 Abs. 1 lit. b DSGVO (allgemeine Vertragsanbahnung) und \u2013 sofern Sie eine Einwilligung erteilt haben \u2013 Art. 6 Abs. 1 lit. a DSGVO. Die Einwilligung ist jederzeit widerrufbar. Ihre personenbezogenen Daten werden innerhalb unseres Unternehmens ausschlie\u00dflich an Personen weitergegeben, die an der Bearbeitung Ihrer Bewerbung beteiligt sind. Gegebenenfalls werden Ihre Bewerbungsunterlagen durch unseren Betriebsrat verarbeitet, um Ihre Rechte bei der Stellenbesetzung durchzusetzen. Sofern die Bewerbung erfolgreich ist, werden die von Ihnen eingereichten Daten auf Grundlage von \u00a7 26 BDSG-neu und Art. 6 Abs. 1 lit. b DSGVO zum Zwecke der Durchf\u00fchrung des Besch\u00e4ftigungsverh\u00e4ltnisses in unseren Datenverarbeitungssystemen gespeichert.<\/p>\n<p><strong>Aufbewahrungsdauer der Daten<\/strong><\/p>\n<p>Sofern wir Ihnen kein Stellenangebot machen k\u00f6nnen, Sie ein Stellenangebot ablehnen oder Ihre Bewerbung zur\u00fcckziehen, behalten wir uns das Recht vor, die von Ihnen \u00fcbermittelten Daten auf Grundlage unserer berechtigten Interessen (Art. 6 Abs. 1 lit. f DSGVO) bis zu 6 Monate ab der Beendigung des Bewerbungsverfahrens (Ablehnung oder Zur\u00fcckziehung der Bewerbung) bei uns aufzubewahren. Anschlie\u00dfend werden die Daten gel\u00f6scht und die physischen Bewerbungsunterlagen vernichtet. Die Aufbewahrung dient insbesondere Nachweiszwecken im Falle eines Rechtsstreits. Sofern ersichtlich ist, dass die Daten nach Ablauf der 6-Monatsfrist erforderlich sein werden (z.B. aufgrund eines drohenden oder anh\u00e4ngigen Rechtsstreits), findet eine L\u00f6schung erst statt, wenn der Zweck f\u00fcr die weitergehende Aufbewahrung entf\u00e4llt. Eine l\u00e4ngere Aufbewahrung kann au\u00dferdem stattfinden, wenn Sie eine entsprechende Einwilligung (Art. 6 Abs. 1 lit. a DSGVO) erteilt haben oder wenn gesetzliche Aufbewahrungspflichten der L\u00f6schung entgegenstehen.<\/p>\n<p><strong>Aufnahme in den Bewerber-Pool<\/strong><\/p>\n<p>Sofern wir Ihnen kein Stellenangebot machen, besteht ggf. die M\u00f6glichkeit, Sie in unseren Bewerber-Pool aufzunehmen. Im Falle der Aufnahme werden alle Dokumente und Angaben aus der Bewerbung in den Bewerber-Pool \u00fcbernommen, um Sie im Falle von passenden Vakanzen zu kontaktieren. Die Aufnahme in den Bewerber-Pool geschieht ausschlie\u00dflich auf Grundlage Ihrer ausdr\u00fccklichen Einwilligung (Art. 6 Abs. 1 lit. a DSGVO). Die Abgabe der Einwilligung ist freiwillig und steht in keinem Bezug zum laufenden Bewerbungsverfahren. Der Betroffene kann seine Einwilligung jederzeit widerrufen. In diesem Falle werden die Daten aus dem Bewerber-Pool unwiderruflich gel\u00f6scht, sofern keine gesetzlichen Aufbewahrungsgr\u00fcnde vorliegen. Die Daten aus dem Bewerber-Pool werden sp\u00e4testens<\/p>\n<p>zwei Jahre nach Erteilung der Einwilligung unwiderruflich gel\u00f6scht.<\/p>\n<p><strong>\u00a0<\/strong><\/p>\n<p><strong>\u00a0<\/strong><\/p>\n<p><strong>\u00a0<\/strong><\/p>\n<p><strong>\u00a0<\/strong><\/p>","protected":false},"excerpt":{"rendered":"<p>Datenschutzhinweise \u00a0 Verantwortlicher \u00a0 Kr\u00e4mer GmbH Industriebeh\u00e4lter Donauw\u00f6rther Stra\u00dfe 47 86641 Rain am Lech Kontaktdaten: https:\/\/kraemer-industriebehaelter.de\/kontakt \u00a0 Datenschutzbeauftragter F\u00fcr unser Unternehmen haben wir einen Datenschutzbeauftragten bestellt. Diesen erreichen Sie unter: &#8230;<\/p>","protected":false},"author":1,"featured_media":0,"parent":0,"menu_order":0,"comment_status":"closed","ping_status":"closed","template":"","meta":{"footnotes":""},"class_list":["post-2179","page","type-page","status-publish","hentry"],"_links":{"self":[{"href":"https:\/\/kraemer-industriebehaelter.de\/en\/wp-json\/wp\/v2\/pages\/2179","targetHints":{"allow":["GET"]}}],"collection":[{"href":"https:\/\/kraemer-industriebehaelter.de\/en\/wp-json\/wp\/v2\/pages"}],"about":[{"href":"https:\/\/kraemer-industriebehaelter.de\/en\/wp-json\/wp\/v2\/types\/page"}],"author":[{"embeddable":true,"href":"https:\/\/kraemer-industriebehaelter.de\/en\/wp-json\/wp\/v2\/users\/1"}],"replies":[{"embeddable":true,"href":"https:\/\/kraemer-industriebehaelter.de\/en\/wp-json\/wp\/v2\/comments?post=2179"}],"version-history":[{"count":15,"href":"https:\/\/kraemer-industriebehaelter.de\/en\/wp-json\/wp\/v2\/pages\/2179\/revisions"}],"predecessor-version":[{"id":3203,"href":"https:\/\/kraemer-industriebehaelter.de\/en\/wp-json\/wp\/v2\/pages\/2179\/revisions\/3203"}],"wp:attachment":[{"href":"https:\/\/kraemer-industriebehaelter.de\/en\/wp-json\/wp\/v2\/media?parent=2179"}],"curies":[{"name":"wp","href":"https:\/\/api.w.org\/{rel}","templated":true}]}}