{"id":177,"date":"2012-08-27T15:36:41","date_gmt":"2012-08-27T13:36:41","guid":{"rendered":"http:\/\/kraemer-industriebehaelter.de\/?page_id=177"},"modified":"2025-08-21T10:35:02","modified_gmt":"2025-08-21T08:35:02","slug":"zertifikate","status":"publish","type":"page","link":"https:\/\/kraemer-industriebehaelter.de\/en\/download\/zertifikate","title":{"rendered":"Certificates"},"content":{"rendered":"<p><!--:de--><\/p>\n<table style=\"width: 100%;\">\n<tbody>\n<tr>\n<td><\/td>\n<\/tr>\n<\/tbody>\n<\/table>\n<p><a href=\"https:\/\/kraemer-industriebehaelter.de\/wp-content\/uploads\/2025\/08\/01-ASME-U_Stamp-02.2027.pdf\" target=\"_blank\" rel=\"noopener\">ASME (U)<\/a><\/p>\n<p><a href=\"https:\/\/kraemer-industriebehaelter.de\/wp-content\/uploads\/2021\/02\/01-ASME-U-Stamp-03-2015.pdf\" target=\"_blank\" rel=\"noopener noreferrer\">The National Board of Boiler &amp; Pressure Vessel Inspectors (NB)<\/a><\/p>\n<p><a href=\"https:\/\/kraemer-industriebehaelter.de\/wp-content\/uploads\/2022\/04\/13-KGS-03.2025.pdf\">KGS &#8211; Korea Gas Safety Corporation<\/a><\/p>\n<p>DIN EN ISO 9001:2015<\/p>\n<ul>\n<li><a href=\"https:\/\/kraemer-industriebehaelter.de\/wp-content\/uploads\/2023\/05\/04-ISO_9001_2023_bis_29_04_2026_DE.pdf\" target=\"_blank\" rel=\"noopener\">German<\/a><\/li>\n<li><a href=\"https:\/\/kraemer-industriebehaelter.de\/wp-content\/uploads\/2023\/05\/04-ISO_9001_2023_bis_29_04_2026_EN.pdf\" target=\"_blank\" rel=\"noopener\">English<\/a><\/li>\n<\/ul>\n<p>DIN EN ISO 14001:2015<\/p>\n<ul>\n<li><a href=\"https:\/\/kraemer-industriebehaelter.de\/wp-content\/uploads\/2023\/05\/05-ISO_14001_2023_bis_29_04_2026_DE.pdf\" target=\"_blank\" rel=\"noopener\">German<\/a><\/li>\n<li><a href=\"https:\/\/kraemer-industriebehaelter.de\/wp-content\/uploads\/2023\/05\/05-ISO_14001_2023_bis_29_04_2026_EN.pdf\" target=\"_blank\" rel=\"noopener\">English<\/a><\/li>\n<\/ul>\n<p>DIN EN 1090-1:2009+A1:2011<\/p>\n<ul>\n<li><a href=\"https:\/\/kraemer-industriebehaelter.de\/wp-content\/uploads\/2025\/08\/14-Zert_EN-1090-1_WPK_de-en.pdf\" target=\"_blank\" rel=\"noopener\">German<\/a><\/li>\n<li><a href=\"https:\/\/kraemer-industriebehaelter.de\/wp-content\/uploads\/2025\/08\/14-Zert_EN-1090-1_WPK_de-en.pdf\" target=\"_blank\" rel=\"noopener\">English<\/a><\/li>\n<\/ul>\n<p>DIN EN 1090-2:2018<\/p>\n<ul>\n<li><a href=\"https:\/\/kraemer-industriebehaelter.de\/wp-content\/uploads\/2025\/08\/14-Zert_EN-1090-2_schweissen_de-en.pdf\" target=\"_blank\" rel=\"noopener\">German<\/a><\/li>\n<li><a href=\"https:\/\/kraemer-industriebehaelter.de\/wp-content\/uploads\/2025\/08\/14-Zert_EN-1090-2_schweissen_de-en.pdf\" target=\"_blank\" rel=\"noopener\">English<\/a><\/li>\n<\/ul>\n<p><a href=\"https:\/\/kraemer-industriebehaelter.de\/wp-content\/uploads\/2025\/03\/07_Zert_HP0_Kraemer_final_09.2027.pdf\" target=\"_blank\" rel=\"noopener\" data-wplink-edit=\"true\">DIN EN ISO 3834-2<\/a><\/p>\n<ul>\n<li><a href=\"https:\/\/kraemer-industriebehaelter.de\/wp-content\/uploads\/2025\/03\/07_Zert_HP0_AD2000_deutsch_09.2027.pdf\" target=\"_blank\" rel=\"noopener\">German<\/a><\/li>\n<li><a href=\"https:\/\/kraemer-industriebehaelter.de\/wp-content\/uploads\/2025\/03\/07_Zert_HP0_AD2000_english_09.2027.pdf\" target=\"_blank\" rel=\"noopener\">English<\/a><\/li>\n<\/ul>\n<p>DIN EN ISO 45001:2018<\/p>\n<ul>\n<li><a href=\"https:\/\/kraemer-industriebehaelter.de\/wp-content\/uploads\/2025\/08\/08-Zertifikat_45001_bis-12-06-2028_de.pdf\" target=\"_blank\" rel=\"noopener\">German<\/a><\/li>\n<\/ul>\n<p><a href=\"https:\/\/kraemer-industriebehaelter.de\/wp-content\/uploads\/2025\/08\/06-Zulassung-WHG.pdf\" target=\"_blank\" rel=\"noopener\"><span style=\"text-decoration: underline;\">Qualified company acc. to WHG \u00a7 19<\/span><\/a><\/p>\n<p>G\u00fctegemeinschaft Lagerbeh\u00e4lter<br \/>\n<a href=\"https:\/\/kraemer-industriebehaelter.de\/wp-content\/uploads\/2013\/02\/04-6607.pdf\" target=\"_blank\" rel=\"noopener noreferrer\">Qualified company acc. to WHG \u00a7 19<\/a><\/p>\n<p class=\"translation-block\"><a href=\"https:\/\/kraemer-industriebehaelter.de\/wp-content\/uploads\/2013\/02\/05-6608-1.pdf\" target=\"_blank\" rel=\"noopener noreferrer\">\u00b7 Certificate of compliance Reg.-Nr. 86 \/ DIN 6608-1:1989-09<\/a><br>\n<a href=\"https:\/\/kraemer-industriebehaelter.de\/wp-content\/uploads\/2013\/02\/05-6608-2.pdf\" target=\"_blank\" rel=\"noopener noreferrer\">\u00b7 Certificate of compliance Reg.-Nr. 87 \/ DIN 6608-2:1989-09<\/a><br>\n\u00b7 <a href=\"https:\/\/kraemer-industriebehaelter.de\/wp-content\/uploads\/2013\/02\/06-6616.pdf\" target=\"_blank\" rel=\"noopener noreferrer\">Certificate of compliance Reg.-Nr. 88 \/ DIN 6616:1989-09<\/a><br>\n<a href=\"https:\/\/kraemer-industriebehaelter.de\/wp-content\/uploads\/2013\/02\/07-6618-1.pdf\" target=\"_blank\" rel=\"noopener noreferrer\">\u00b7 Certificate of compliance Reg.-Nr. 89 \/ DIN 6618-1:1989-09<\/a><br>\n<a href=\"https:\/\/kraemer-industriebehaelter.de\/wp-content\/uploads\/2013\/02\/07-6618-2.pdf\" target=\"_blank\" rel=\"noopener noreferrer\">\u00b7 Certificate of compliance Reg.-Nr. 90 \/ DIN 6618-2:1989-09<\/a><br>\n<a href=\"https:\/\/kraemer-industriebehaelter.de\/wp-content\/uploads\/2013\/02\/07-6618-3.pdf\" target=\"_blank\" rel=\"noopener noreferrer\">\u00b7 Certificate of compliance Reg.-Nr. 91 \/ DIN 6618-3:1989-09<\/a><br>\n<a href=\"https:\/\/kraemer-industriebehaelter.de\/wp-content\/uploads\/2013\/02\/08-6619-1.pdf\" target=\"_blank\" rel=\"noopener noreferrer\">\u00b7 Certificate of compliance Reg.-Nr. 92 \/ DIN 6619-1:1989-09<\/a><br>\n<a href=\"https:\/\/kraemer-industriebehaelter.de\/wp-content\/uploads\/2013\/02\/08-6619-2.pdf\" target=\"_blank\" rel=\"noopener noreferrer\">\u00b7 Certificate of compliance Reg.-Nr. 93 \/ DIN 6619-2:1989-09<\/a><br>\n<a href=\"https:\/\/kraemer-industriebehaelter.de\/wp-content\/uploads\/2013\/02\/09-6623-1.pdf\" target=\"_blank\" rel=\"noopener noreferrer\">\u00b7 Certificate of compliance Reg.-Nr. 51 \/ DIN 6623-1:1989-09<\/a><br>\n<a href=\"https:\/\/kraemer-industriebehaelter.de\/wp-content\/uploads\/2013\/02\/09-6623-2.pdf\" target=\"_blank\" rel=\"noopener noreferrer\">\u00b7 Certificate of compliance Reg.-Nr. 52 \/ DIN 6623-2:1989-09<\/a><br>\n<a href=\"https:\/\/kraemer-industriebehaelter.de\/wp-content\/uploads\/2013\/02\/10-6624-1.pdf\" target=\"_blank\" rel=\"noopener noreferrer\">\u00b7 Certificate of compliance Reg.-Nr. 53 \/ DIN 6624-1:1989-09<\/a><br>\n<a href=\"https:\/\/kraemer-industriebehaelter.de\/wp-content\/uploads\/2013\/02\/10-6624-2.pdf\" target=\"_blank\" rel=\"noopener noreferrer\">\u00b7 Certificate of compliance Reg.-Nr. 54 \/ DIN 6624-2:1989-09<\/a><br>\n<a href=\"https:\/\/kraemer-industriebehaelter.de\/wp-content\/uploads\/2013\/02\/11-6625-1.pdf\" target=\"_blank\" rel=\"noopener noreferrer\">\u00b7 Certificate of compliance Reg.-Nr. 55 \/ DIN 6625-1:1989-09<\/a><br>\n<a href=\"https:\/\/kraemer-industriebehaelter.de\/wp-content\/uploads\/2013\/02\/12-6626-1.pdf\" target=\"_blank\" rel=\"noopener noreferrer\">\u00b7 Certificate of compliance Reg.-Nr. 94 \/ DIN 6626:1989-09<\/a><br>\n<a href=\"https:\/\/kraemer-industriebehaelter.de\/wp-content\/uploads\/2013\/02\/12-6627-1.pdf\" target=\"_blank\" rel=\"noopener noreferrer\">\u00b7 Certificate of compliance Reg.-Nr. 95 \/ DIN 6627:1989-09<\/a><\/p>\n<p><a href=\"https:\/\/kraemer-industriebehaelter.de\/wp-content\/uploads\/2022\/07\/EN_12285-1_\u00dcbereinstimmungszertifikat-Kr\u00e4mer-123.pdf\" target=\"_blank\" rel=\"noopener noreferrer\">\u00dcbereinstimmungszertifikat Reg.-Nr. 123 \/ DIN 12285-1:2018-12<\/a><\/p>\n<p><a href=\"https:\/\/kraemer-industriebehaelter.de\/wp-content\/uploads\/2022\/07\/EN_12285-2_\u00dcbereinstimmungszertifikat-Kr\u00e4mer-124.pdf\" target=\"_blank\" rel=\"noopener noreferrer\">\u00dcbereinstimmungszertifikat Reg.-Nr. 124 \/ DIN 12285-2:2005-05<\/a><\/p>\n<p>Allgemeine bauaufsichtliche Zulassung<\/p>\n<p><span style=\"text-decoration: underline;\">&#8211; <a href=\"https:\/\/kraemer-industriebehaelter.de\/wp-content\/uploads\/2021\/04\/a12-Bauaufsichtliche-Zulassung-Z-38.11-242-einwandig-2026_02_16.pdf\" target=\"_blank\" rel=\"noopener noreferrer\">- vertical cylindric singlewalled vessels<\/a><\/span><\/p>\n<p>&#8211; <a href=\"https:\/\/kraemer-industriebehaelter.de\/wp-content\/uploads\/2025\/08\/a12-Bauaufsichtliche-Zulassung-Z-38.12-261.pdf\" target=\"_blank\" rel=\"noopener\">- vertical cylindric doublewalled vessels<\/a><\/p>\n<p><a href=\"https:\/\/kraemer-industriebehaelter.de\/wp-content\/uploads\/2025\/08\/a12-Bauaufsichtliche-Zulassung-Z-38.12-271.pdf\" target=\"_blank\" rel=\"noopener\">Doppelwandige zylindrische Beh\u00e4lter aus Stahl zur oberirdischen Lagerung von wassergef\u00e4hrdenden Fl\u00fcssigkeiten in durch Erdbeben gef\u00e4hrdeten Gebieten<\/a><\/p>\n<p><a href=\"https:\/\/kraemer-industriebehaelter.de\/wp-content\/uploads\/2025\/03\/07_Zert_HP0_Kraemer_final_09.2027.pdf\" target=\"_blank\" rel=\"noopener\">HP 0 und DIN EN ISO 3834-2 \/ RL 2014\/68\/EU<\/a><br \/>\n&#8211; <a href=\"https:\/\/kraemer-industriebehaelter.de\/wp-content\/uploads\/2025\/03\/07_Zert_HP0_AD2000_deutsch_09.2027.pdf\" target=\"_blank\" rel=\"noopener\">German<\/a><\/p>\n<p>&#8211; <a href=\"https:\/\/kraemer-industriebehaelter.de\/wp-content\/uploads\/2025\/03\/07_Zert_HP0_AD2000_english_09.2027.pdf\" target=\"_blank\" rel=\"noopener\">English<\/a><\/p>\n<p><a href=\"https:\/\/kraemer-industriebehaelter.de\/wp-content\/uploads\/2013\/02\/13-TRbF-401-402.pdf\" target=\"_blank\" rel=\"noopener noreferrer\">Quality mark for corrosion protection of internal coating acc. to TRbF401\/402<\/a><\/p>\n<p><a href=\"https:\/\/kraemer-industriebehaelter.de\/wp-content\/uploads\/2012\/08\/Z12_DIN-_4681-3.pdf\" target=\"_blank\" rel=\"noopener noreferrer\">Declaration of confirmity with DIN 4681-3:1986-05<\/a><\/p>\n<p><a href=\"https:\/\/kraemer-industriebehaelter.de\/wp-content\/uploads\/2025\/08\/11-Modul-A-und-A1.pdf\" target=\"_blank\" rel=\"noopener\">Zertifikat f\u00fcr Druckger\u00e4te CE0036 Modul A und A1<\/a><\/p>\n<p><a href=\"https:\/\/kraemer-industriebehaelter.de\/wp-content\/uploads\/2025\/08\/11-1808285-A2-Modul-2022.pdf\" target=\"_blank\" rel=\"noopener\">Zertifikat f\u00fcr Druckger\u00e4te CE006 Modul A2<\/a><\/p>\n<p><a href=\"https:\/\/kraemer-industriebehaelter.de\/wp-content\/uploads\/2024\/04\/19-UmweltKlimapakt_Bayern_03.2027.pdf\" target=\"_blank\" rel=\"noopener\">Economy pact Bavaria<\/a><\/p>\n<p><a href=\"https:\/\/kraemer-industriebehaelter.de\/wp-content\/uploads\/2025\/01\/aufkleber-ihk-schwaben-allg-2025-data.png\" target=\"_blank\" rel=\"noopener\">IHK Ausbildungsbetrieb 2025<\/a><\/p>\n<p><img loading=\"lazy\" decoding=\"async\" class=\"size-full wp-image-457 alignleft\" title=\"teaser_box_asme\" src=\"https:\/\/kraemer-industriebehaelter.de\/wp-content\/uploads\/2012\/08\/teaser_box_asme.png\" alt=\"\" width=\"204\" height=\"148\" \/><img loading=\"lazy\" decoding=\"async\" class=\"size-full wp-image-474 alignleft\" title=\"teaser_box_din6608\" src=\"https:\/\/kraemer-industriebehaelter.de\/wp-content\/uploads\/2012\/08\/teaser_box_din6608.png\" alt=\"\" width=\"204\" height=\"148\" \/><\/p>\n<p><!--:--><!--:en--><\/p>\n<p><!--:--><\/p>","protected":false},"excerpt":{"rendered":"<p>ASME (U) The National Board of Boiler &amp; Pressure Vessel Inspectors (NB) KGS &#8211; Korea Gas Safety Corporation DIN EN ISO 9001:2015 Deutsch Englisch DIN EN ISO 14001:2015 Deutsch Englisch &#8230;<\/p>","protected":false},"author":1,"featured_media":2858,"parent":86,"menu_order":0,"comment_status":"closed","ping_status":"open","template":"","meta":{"footnotes":""},"class_list":["post-177","page","type-page","status-publish","has-post-thumbnail","hentry"],"_links":{"self":[{"href":"https:\/\/kraemer-industriebehaelter.de\/en\/wp-json\/wp\/v2\/pages\/177","targetHints":{"allow":["GET"]}}],"collection":[{"href":"https:\/\/kraemer-industriebehaelter.de\/en\/wp-json\/wp\/v2\/pages"}],"about":[{"href":"https:\/\/kraemer-industriebehaelter.de\/en\/wp-json\/wp\/v2\/types\/page"}],"author":[{"embeddable":true,"href":"https:\/\/kraemer-industriebehaelter.de\/en\/wp-json\/wp\/v2\/users\/1"}],"replies":[{"embeddable":true,"href":"https:\/\/kraemer-industriebehaelter.de\/en\/wp-json\/wp\/v2\/comments?post=177"}],"version-history":[{"count":285,"href":"https:\/\/kraemer-industriebehaelter.de\/en\/wp-json\/wp\/v2\/pages\/177\/revisions"}],"predecessor-version":[{"id":3352,"href":"https:\/\/kraemer-industriebehaelter.de\/en\/wp-json\/wp\/v2\/pages\/177\/revisions\/3352"}],"up":[{"embeddable":true,"href":"https:\/\/kraemer-industriebehaelter.de\/en\/wp-json\/wp\/v2\/pages\/86"}],"wp:featuredmedia":[{"embeddable":true,"href":"https:\/\/kraemer-industriebehaelter.de\/en\/wp-json\/wp\/v2\/media\/2858"}],"wp:attachment":[{"href":"https:\/\/kraemer-industriebehaelter.de\/en\/wp-json\/wp\/v2\/media?parent=177"}],"curies":[{"name":"wp","href":"https:\/\/api.w.org\/{rel}","templated":true}]}}