{"id":172,"date":"2012-08-27T15:35:40","date_gmt":"2012-08-27T13:35:40","guid":{"rendered":"http:\/\/kraemer-industriebehaelter.de\/?page_id=172"},"modified":"2020-07-08T15:00:57","modified_gmt":"2020-07-08T13:00:57","slug":"masblatter-lgb","status":"publish","type":"page","link":"https:\/\/kraemer-industriebehaelter.de\/en\/download\/masblatter-lgb","title":{"rendered":"Datasheet storage tanks"},"content":{"rendered":"<p><!--:de--><\/p>\n<table style=\"width: 100%;\">\n<tbody>\n<tr>\n<td style=\"width: 794px;\" width=\"400\">Download data sheets  storage tanks<br \/>\n(PDF-Documents)<\/p>\n<p>Overview storage tanks<br \/>\n<a href=\"https:\/\/kraemer-industriebehaelter.de\/wp-content\/uploads\/2014\/06\/6608D-T\u00dcV.pdf\" target=\"_blank\" rel=\"noopener noreferrer\">6608D<\/a><br \/>\n<a href=\"https:\/\/kraemer-industriebehaelter.de\/wp-content\/uploads\/2014\/06\/6608D-Kompakt-T\u00dcV.pdf\" target=\"_blank\" rel=\"noopener noreferrer\">6608D Kompakt<\/a><br \/>\n<a href=\"https:\/\/kraemer-industriebehaelter.de\/wp-content\/uploads\/2014\/06\/6608E-T\u00dcV.pdf\" target=\"_blank\" rel=\"noopener noreferrer\">6608E<\/a><br \/>\n<a href=\"https:\/\/kraemer-industriebehaelter.de\/wp-content\/uploads\/2014\/06\/6616D-T\u00dcV.pdf\" target=\"_blank\" rel=\"noopener noreferrer\">6616D<\/a><br \/>\n<a href=\"https:\/\/kraemer-industriebehaelter.de\/wp-content\/uploads\/2014\/06\/6616E-T\u00dcV.pdf\" target=\"_blank\" rel=\"noopener noreferrer\">6616E<\/a><br \/>\n<a href=\"https:\/\/kraemer-industriebehaelter.de\/wp-content\/uploads\/2014\/06\/6618-T\u00dcV.pdf\" target=\"_blank\" rel=\"noopener noreferrer\">6618<\/a><br \/>\n<a href=\"https:\/\/kraemer-industriebehaelter.de\/wp-content\/uploads\/2014\/06\/6619T\u00dcV.pdf\" target=\"_blank\" rel=\"noopener noreferrer\">6619<\/a><br \/>\n<a href=\"https:\/\/kraemer-industriebehaelter.de\/wp-content\/uploads\/2013\/02\/EinbauueberwachungTRbF20.pdf\" target=\"_blank\" rel=\"noopener noreferrer\">Einbau\u00fcberwachung TRbF20<\/a><br \/>\n<a href=\"https:\/\/kraemer-industriebehaelter.de\/wp-content\/uploads\/2013\/02\/Tankverankerung12809.pdf\" target=\"_blank\" rel=\"noopener noreferrer\">Tankverankerung 12809<\/a><br \/>\n<a href=\"https:\/\/kraemer-industriebehaelter.de\/wp-content\/uploads\/2014\/06\/Mindestgrubenma\u00dfe-T\u00dcV.pdf\" target=\"_blank\" rel=\"noopener noreferrer\">Mindestgrubenma\u00dfe<\/a><\/td>\n<\/tr>\n<\/tbody>\n<\/table>\n<p><!--:--><\/p>","protected":false},"excerpt":{"rendered":"<p>Download Ma\u00dfbl\u00e4tter LGB (PDF-Dokumente) \u00dcbersicht Lagerbeh\u00e4lter 6608D 6608D Kompakt 6608E 6616D 6616E 6618 6619 Einbau\u00fcberwachung TRbF20 Tankverankerung 12809 Mindestgrubenma\u00dfe<\/p>","protected":false},"author":1,"featured_media":2902,"parent":86,"menu_order":0,"comment_status":"closed","ping_status":"open","template":"","meta":{"footnotes":""},"class_list":["post-172","page","type-page","status-publish","has-post-thumbnail","hentry"],"_links":{"self":[{"href":"https:\/\/kraemer-industriebehaelter.de\/en\/wp-json\/wp\/v2\/pages\/172","targetHints":{"allow":["GET"]}}],"collection":[{"href":"https:\/\/kraemer-industriebehaelter.de\/en\/wp-json\/wp\/v2\/pages"}],"about":[{"href":"https:\/\/kraemer-industriebehaelter.de\/en\/wp-json\/wp\/v2\/types\/page"}],"author":[{"embeddable":true,"href":"https:\/\/kraemer-industriebehaelter.de\/en\/wp-json\/wp\/v2\/users\/1"}],"replies":[{"embeddable":true,"href":"https:\/\/kraemer-industriebehaelter.de\/en\/wp-json\/wp\/v2\/comments?post=172"}],"version-history":[{"count":53,"href":"https:\/\/kraemer-industriebehaelter.de\/en\/wp-json\/wp\/v2\/pages\/172\/revisions"}],"predecessor-version":[{"id":2903,"href":"https:\/\/kraemer-industriebehaelter.de\/en\/wp-json\/wp\/v2\/pages\/172\/revisions\/2903"}],"up":[{"embeddable":true,"href":"https:\/\/kraemer-industriebehaelter.de\/en\/wp-json\/wp\/v2\/pages\/86"}],"wp:featuredmedia":[{"embeddable":true,"href":"https:\/\/kraemer-industriebehaelter.de\/en\/wp-json\/wp\/v2\/media\/2902"}],"wp:attachment":[{"href":"https:\/\/kraemer-industriebehaelter.de\/en\/wp-json\/wp\/v2\/media?parent=172"}],"curies":[{"name":"wp","href":"https:\/\/api.w.org\/{rel}","templated":true}]}}