{"id":165,"date":"2012-08-27T15:33:49","date_gmt":"2012-08-27T13:33:49","guid":{"rendered":"http:\/\/kraemer-industriebehaelter.de\/?page_id=165"},"modified":"2021-04-21T15:42:24","modified_gmt":"2021-04-21T13:42:24","slug":"preislisten","status":"publish","type":"page","link":"https:\/\/kraemer-industriebehaelter.de\/en\/download\/preislisten","title":{"rendered":"Pricelist"},"content":{"rendered":"<p><!--:de--><\/p>\n<table style=\"width: 100%;\">\n<tbody>\n<tr>\n<td style=\"width: 99.8276%;\" width=\"400\">Download Pricelists<br \/>\n(PDF-Documents)<br \/>\n&#8211; <a href=\"https:\/\/kraemer-industriebehaelter.de\/wp-content\/uploads\/2021\/04\/blatt-01-2.2.110x.pdf\" target=\"_blank\" rel=\"noopener noreferrer\">Storage Tank acc. to DIN 6608 (underground, horizontal)<\/a><br \/>\n&#8211; <a href=\"https:\/\/kraemer-industriebehaelter.de\/wp-content\/uploads\/2021\/04\/blatt-02-2.2.120x.pdf\" target=\"_blank\" rel=\"noopener noreferrer\">Kr\u00e4mer Compact Tank L<\/a><br \/>\n&#8211; <a href=\"https:\/\/kraemer-industriebehaelter.de\/wp-content\/uploads\/2021\/04\/blatt-03-2.2.130x.pdf\" target=\"_blank\" rel=\"noopener noreferrer\">Manhole Pits acc. to DIN 6626 \/ 6627<\/a><br \/>\n&#8211; <a href=\"https:\/\/kraemer-industriebehaelter.de\/wp-content\/uploads\/2021\/04\/blatt-04-2.2.131x.pdf\" target=\"_blank\" rel=\"noopener noreferrer\">Manhole Coverings<\/a><br \/>\n&#8211; <a href=\"https:\/\/kraemer-industriebehaelter.de\/wp-content\/uploads\/2021\/04\/blatt-05-2.2.140x.pdf\" target=\"_blank\" rel=\"noopener noreferrer\">Extra Services and Accessories<\/a><br \/>\n<a href=\"https:\/\/kraemer-industriebehaelter.de\/wp-content\/uploads\/2014\/01\/blatt-06-2.2.141.pdf\" target=\"_blank\" rel=\"noopener noreferrer\">&#8211; <\/a><a href=\"https:\/\/kraemer-industriebehaelter.de\/wp-content\/uploads\/2021\/04\/blatt-06-2.2.141x.pdf\" target=\"_blank\" rel=\"noopener noreferrer\">Leak Indicators for Storage Vessels<\/a><br \/>\n&#8211; <a href=\"https:\/\/kraemer-industriebehaelter.de\/wp-content\/uploads\/2021\/04\/blatt-07-2.2.131x.pdf\" target=\"_blank\" rel=\"noopener noreferrer\">Surface Treatment for Storage Vessels acc. to DIN 6608<\/a><br \/>\n&#8211; <a href=\"https:\/\/kraemer-industriebehaelter.de\/wp-content\/uploads\/2021\/04\/blatt-08-2.2.161x.pdf\" target=\"_blank\" rel=\"noopener noreferrer\">Storage Tanks of Steel with Special Warrranty<\/a><br \/>\n&#8211; <a href=\"https:\/\/kraemer-industriebehaelter.de\/wp-content\/uploads\/2021\/04\/blatt-09-3.3.100x.pdf\" target=\"_blank\" rel=\"noopener noreferrer\">Storage Tanks acc. to DIN 6616 (above ground, horizontal)<\/a><br \/>\n&#8211; <a href=\"https:\/\/kraemer-industriebehaelter.de\/wp-content\/uploads\/2021\/04\/blatt-10-3.3.101x.pdf\" target=\"_blank\" rel=\"noopener noreferrer\">Surface Treatment for Storage Vessels acc. to DIN 6616<\/a><br \/>\n&#8211; <a href=\"https:\/\/kraemer-industriebehaelter.de\/wp-content\/uploads\/2021\/04\/blatt-11-2.2.131x.pdf\" target=\"_blank\" rel=\"noopener noreferrer\">Surface Vessel Units for Diesel<\/a><br \/>\n&#8211; <a href=\"https:\/\/kraemer-industriebehaelter.de\/wp-content\/uploads\/2021\/04\/blatt-13-3.3.130x.pdf\" target=\"_blank\" rel=\"noopener noreferrer\">Surface Vessels Units for Diesel \/ Single prices<\/a><br \/>\n&#8211; <a href=\"https:\/\/kraemer-industriebehaelter.de\/wp-content\/uploads\/2021\/04\/blatt-13-3.3.130x.pdf\" target=\"_blank\" rel=\"noopener noreferrer\">Storage Tanks acc. to DIN 6618 (above ground, vertical)<\/a><br \/>\n&#8211; <a href=\"https:\/\/kraemer-industriebehaelter.de\/wp-content\/uploads\/2021\/04\/blatt-14-2.2.131x-1.pdf\" target=\"_blank\" rel=\"noopener noreferrer\">Surface Treatment for Storage Vessels acc. to DIN 6618<\/a><br \/>\n<a href=\"https:\/\/kraemer-industriebehaelter.de\/wp-content\/uploads\/2013\/02\/AGB-2012.pdf\" target=\"_blank\" rel=\"noopener noreferrer\">- General Terms and Conditions<\/a><br \/>\n&#8211; <a href=\"https:\/\/kraemer-industriebehaelter.de\/wp-content\/uploads\/2019\/03\/blatt-15-Pr\u00fcfzeugnis.pdf\" target=\"_blank\" rel=\"noopener noreferrer\">Test Certificates<\/a><\/td>\n<\/tr>\n<\/tbody>\n<\/table>\n<p><!--:--><!--:en--><\/p>\n<p><!--:--><\/p>","protected":false},"excerpt":{"rendered":"<p>Download Preislisten (PDF-Dokumente) &#8211; Lagerbeh\u00e4lter nach DIN 6608 (unterirdisch, liegend) &#8211; Kr\u00e4mer Kompakt-Tank-L &#8211; Domsch\u00e4chte nach DIN 6626 \/ DIN 6627 &#8211; Schachtabdeckungen &#8211; Zus\u00e4tzliche Leistungen und Zubeh\u00f6r f\u00fcr Lagerbeh\u00e4lter &#8230;<\/p>","protected":false},"author":1,"featured_media":2898,"parent":86,"menu_order":0,"comment_status":"closed","ping_status":"open","template":"","meta":{"footnotes":""},"class_list":["post-165","page","type-page","status-publish","has-post-thumbnail","hentry"],"_links":{"self":[{"href":"https:\/\/kraemer-industriebehaelter.de\/en\/wp-json\/wp\/v2\/pages\/165","targetHints":{"allow":["GET"]}}],"collection":[{"href":"https:\/\/kraemer-industriebehaelter.de\/en\/wp-json\/wp\/v2\/pages"}],"about":[{"href":"https:\/\/kraemer-industriebehaelter.de\/en\/wp-json\/wp\/v2\/types\/page"}],"author":[{"embeddable":true,"href":"https:\/\/kraemer-industriebehaelter.de\/en\/wp-json\/wp\/v2\/users\/1"}],"replies":[{"embeddable":true,"href":"https:\/\/kraemer-industriebehaelter.de\/en\/wp-json\/wp\/v2\/comments?post=165"}],"version-history":[{"count":197,"href":"https:\/\/kraemer-industriebehaelter.de\/en\/wp-json\/wp\/v2\/pages\/165\/revisions"}],"predecessor-version":[{"id":2993,"href":"https:\/\/kraemer-industriebehaelter.de\/en\/wp-json\/wp\/v2\/pages\/165\/revisions\/2993"}],"up":[{"embeddable":true,"href":"https:\/\/kraemer-industriebehaelter.de\/en\/wp-json\/wp\/v2\/pages\/86"}],"wp:featuredmedia":[{"embeddable":true,"href":"https:\/\/kraemer-industriebehaelter.de\/en\/wp-json\/wp\/v2\/media\/2898"}],"wp:attachment":[{"href":"https:\/\/kraemer-industriebehaelter.de\/en\/wp-json\/wp\/v2\/media?parent=165"}],"curies":[{"name":"wp","href":"https:\/\/api.w.org\/{rel}","templated":true}]}}