{"id":145,"date":"2012-08-27T14:34:28","date_gmt":"2012-08-27T12:34:28","guid":{"rendered":"http:\/\/kraemer-industriebehaelter.de\/?page_id=145"},"modified":"2023-03-16T11:19:40","modified_gmt":"2023-03-16T09:19:40","slug":"din6616","status":"publish","type":"page","link":"https:\/\/kraemer-industriebehaelter.de\/en\/produkte\/lagerbehalter\/din6616","title":{"rendered":"DIN6616"},"content":{"rendered":"<p><!--:de--><\/p>\n<p><strong>Storage tanks DIN 6616 \/ EN 12285-2<\/strong><\/p>\n<p><strong>DIN 6616:<\/strong><br \/>This standard is used for single and double-walled (D), horizontal, cylindrical tanks made of steel, which are intended for the above-ground storage of water polluting, flammable and non-flammable liquids without special protective measures.<\/p>\n<p>Standard sizes:<\/p>\n<p>Volume: 1 \u2013 100 m3<br \/>Diameter: 1600, 2000, 2500, 2900 mm<\/p>\n<p><!--:--><\/p>\n\n\n<figure class=\"wp-block-gallery has-nested-images columns-default is-cropped wp-block-gallery-1 is-layout-flex wp-block-gallery-is-layout-flex\">\n<figure class=\"wp-block-image size-large\"><img loading=\"lazy\" decoding=\"async\" width=\"380\" height=\"280\" data-id=\"419\" src=\"https:\/\/kraemer-industriebehaelter.de\/wp-content\/uploads\/2012\/08\/krae_din6616_2.jpg\" alt=\"\" class=\"wp-image-419\" srcset=\"https:\/\/kraemer-industriebehaelter.de\/wp-content\/uploads\/2012\/08\/krae_din6616_2.jpg 380w, https:\/\/kraemer-industriebehaelter.de\/wp-content\/uploads\/2012\/08\/krae_din6616_2-300x221.jpg 300w\" sizes=\"auto, (max-width: 380px) 100vw, 380px\" \/><\/figure>\n\n\n\n<figure class=\"wp-block-image size-large\"><img loading=\"lazy\" decoding=\"async\" width=\"180\" height=\"130\" data-id=\"418\" src=\"https:\/\/kraemer-industriebehaelter.de\/wp-content\/uploads\/2012\/08\/krae_din6616_1.jpg\" alt=\"\" class=\"wp-image-418\"\/><\/figure>\n<\/figure>","protected":false},"excerpt":{"rendered":"<p>Lagerbeh\u00e4lter DIN 6616 \/ EN 12285-2 DIN 6616:Diese Norm wird angewendet auf einwandige und doppelwandige (D), liegende, zylindrische Beh\u00e4lter aus Stahl, die f\u00fcr die oberirdische Lagerung wassergef\u00e4hrdender, brennbarer und nichtbrennbarer &#8230;<\/p>","protected":false},"author":1,"featured_media":0,"parent":141,"menu_order":0,"comment_status":"closed","ping_status":"open","template":"","meta":{"footnotes":""},"class_list":["post-145","page","type-page","status-publish","hentry"],"_links":{"self":[{"href":"https:\/\/kraemer-industriebehaelter.de\/en\/wp-json\/wp\/v2\/pages\/145","targetHints":{"allow":["GET"]}}],"collection":[{"href":"https:\/\/kraemer-industriebehaelter.de\/en\/wp-json\/wp\/v2\/pages"}],"about":[{"href":"https:\/\/kraemer-industriebehaelter.de\/en\/wp-json\/wp\/v2\/types\/page"}],"author":[{"embeddable":true,"href":"https:\/\/kraemer-industriebehaelter.de\/en\/wp-json\/wp\/v2\/users\/1"}],"replies":[{"embeddable":true,"href":"https:\/\/kraemer-industriebehaelter.de\/en\/wp-json\/wp\/v2\/comments?post=145"}],"version-history":[{"count":23,"href":"https:\/\/kraemer-industriebehaelter.de\/en\/wp-json\/wp\/v2\/pages\/145\/revisions"}],"predecessor-version":[{"id":3186,"href":"https:\/\/kraemer-industriebehaelter.de\/en\/wp-json\/wp\/v2\/pages\/145\/revisions\/3186"}],"up":[{"embeddable":true,"href":"https:\/\/kraemer-industriebehaelter.de\/en\/wp-json\/wp\/v2\/pages\/141"}],"wp:attachment":[{"href":"https:\/\/kraemer-industriebehaelter.de\/en\/wp-json\/wp\/v2\/media?parent=145"}],"curies":[{"name":"wp","href":"https:\/\/api.w.org\/{rel}","templated":true}]}}