{"id":141,"date":"2012-08-27T14:32:39","date_gmt":"2012-08-27T12:32:39","guid":{"rendered":"http:\/\/kraemer-industriebehaelter.de\/?page_id=141"},"modified":"2023-03-16T11:18:53","modified_gmt":"2023-03-16T09:18:53","slug":"lagerbehalter","status":"publish","type":"page","link":"https:\/\/kraemer-industriebehaelter.de\/en\/produkte\/lagerbehalter","title":{"rendered":"Storage tanks"},"content":{"rendered":"<p><!--:de--><\/p>\n<p style=\"text-align: left;\">Non-pressurised tanks are mainly used as storage and process tanks. They are used with an operating pressure up to 0.5 bar maximum and are tested with 2 bar. We produce DIN or EN series tanks with sizes from 1 \u2013 100 m\u00b3, special tanks up to approx. 400 m\u00b3. The main DIN 6600ff series consist of single and double-walled tanks:<\/p>\n<p style=\"text-align: left;\" class=\"translation-block\">\u2022 underground storage tanks to <br><a href=\"\/en\/lagerbehalter\/din6608\/?lang=en\" target=\"_self\">DIN 6608<\/a> <br>\u2022 horizontal above-ground storage tanks to <br><a href=\"\/en\/lagerbehalter\/din6616\/?lang=en\" target=\"_self\">DIN 6616<\/a> <br>\u2022 vertical above-ground storage tanks, single and double walled, according to General Technical Approval<\/p>\n<p><!--:--><\/p>\n\n\n<figure class=\"wp-block-gallery has-nested-images columns-default is-cropped wp-block-gallery-1 is-layout-flex wp-block-gallery-is-layout-flex\">\n<figure class=\"wp-block-image size-large\"><img loading=\"lazy\" decoding=\"async\" width=\"1024\" height=\"768\" data-id=\"2513\" src=\"https:\/\/kraemer-industriebehaelter.de\/wp-content\/uploads\/2019\/10\/IMG_1453-1024x768.jpg\" alt=\"\" class=\"wp-image-2513\" srcset=\"https:\/\/kraemer-industriebehaelter.de\/wp-content\/uploads\/2019\/10\/IMG_1453-1024x768.jpg 1024w, https:\/\/kraemer-industriebehaelter.de\/wp-content\/uploads\/2019\/10\/IMG_1453-300x225.jpg 300w, https:\/\/kraemer-industriebehaelter.de\/wp-content\/uploads\/2019\/10\/IMG_1453-768x576.jpg 768w\" sizes=\"auto, (max-width: 1024px) 100vw, 1024px\" \/><\/figure>\n<\/figure>","protected":false},"excerpt":{"rendered":"<p>Drucklose Beh\u00e4lter dienen vor allem als Lager- und Prozessbeh\u00e4lter. Sie arbeiten mit einem Betriebsdruck bis max. 0,5 bar und werden mit 2 bar gepr\u00fcft. Beh\u00e4lter der DIN oder EN-Reihe werden &#8230;<\/p>","protected":false},"author":1,"featured_media":2513,"parent":72,"menu_order":0,"comment_status":"closed","ping_status":"open","template":"","meta":{"footnotes":""},"class_list":["post-141","page","type-page","status-publish","has-post-thumbnail","hentry"],"_links":{"self":[{"href":"https:\/\/kraemer-industriebehaelter.de\/en\/wp-json\/wp\/v2\/pages\/141","targetHints":{"allow":["GET"]}}],"collection":[{"href":"https:\/\/kraemer-industriebehaelter.de\/en\/wp-json\/wp\/v2\/pages"}],"about":[{"href":"https:\/\/kraemer-industriebehaelter.de\/en\/wp-json\/wp\/v2\/types\/page"}],"author":[{"embeddable":true,"href":"https:\/\/kraemer-industriebehaelter.de\/en\/wp-json\/wp\/v2\/users\/1"}],"replies":[{"embeddable":true,"href":"https:\/\/kraemer-industriebehaelter.de\/en\/wp-json\/wp\/v2\/comments?post=141"}],"version-history":[{"count":25,"href":"https:\/\/kraemer-industriebehaelter.de\/en\/wp-json\/wp\/v2\/pages\/141\/revisions"}],"predecessor-version":[{"id":3184,"href":"https:\/\/kraemer-industriebehaelter.de\/en\/wp-json\/wp\/v2\/pages\/141\/revisions\/3184"}],"up":[{"embeddable":true,"href":"https:\/\/kraemer-industriebehaelter.de\/en\/wp-json\/wp\/v2\/pages\/72"}],"wp:featuredmedia":[{"embeddable":true,"href":"https:\/\/kraemer-industriebehaelter.de\/en\/wp-json\/wp\/v2\/media\/2513"}],"wp:attachment":[{"href":"https:\/\/kraemer-industriebehaelter.de\/en\/wp-json\/wp\/v2\/media?parent=141"}],"curies":[{"name":"wp","href":"https:\/\/api.w.org\/{rel}","templated":true}]}}