{"id":139,"date":"2012-08-27T14:32:11","date_gmt":"2012-08-27T12:32:11","guid":{"rendered":"http:\/\/kraemer-industriebehaelter.de\/?page_id=139"},"modified":"2023-03-16T11:18:29","modified_gmt":"2023-03-16T09:18:29","slug":"flussiggasbehalter","status":"publish","type":"page","link":"https:\/\/kraemer-industriebehaelter.de\/en\/produkte\/flussiggasbehalter","title":{"rendered":"Liquid gas tanks"},"content":{"rendered":"<p><!--:de--><\/p>\n<div class=\"text380\">Our range of products includes liquid gas tanks with a capacity from 10,000 to 500,000 litres and 2,000 to 4,500 mm diameter for above-ground or underground storage in trench or megalithic deposits with bitumen or epoxy resin insulation.\nThey are designed individually to your specifications.<\/div>\n<div class=\"text380\">\u00a0<\/div>\n<div class=\"text380\">\u00a0<\/div>\n<table style=\"width: 100%; border-style: none;\" border=\"0\">\n<tbody>\n<tr>\n<td style=\"width: 49.5%;\"><img loading=\"lazy\" decoding=\"async\" class=\"aligncenter size-full wp-image-394\" title=\"krae_fl\u00fcssigb_5\" src=\"https:\/\/kraemer-industriebehaelter.de\/wp-content\/uploads\/2012\/08\/krae_fl\u00fcssigb_5.jpg\" alt=\"\" width=\"380\" height=\"130\" srcset=\"https:\/\/kraemer-industriebehaelter.de\/wp-content\/uploads\/2012\/08\/krae_fl\u00fcssigb_5.jpg 380w, https:\/\/kraemer-industriebehaelter.de\/wp-content\/uploads\/2012\/08\/krae_fl\u00fcssigb_5-300x102.jpg 300w\" sizes=\"auto, (max-width: 380px) 100vw, 380px\" \/><\/td>\n<td style=\"width: 24%;\"><img loading=\"lazy\" decoding=\"async\" class=\"aligncenter size-full wp-image-391\" title=\"krae_fl\u00fcssigb_2\" src=\"https:\/\/kraemer-industriebehaelter.de\/wp-content\/uploads\/2012\/08\/krae_fl\u00fcssigb_2.jpg\" alt=\"\" width=\"180\" height=\"130\" \/><\/td>\n<td style=\"width: 24%;\"><img loading=\"lazy\" decoding=\"async\" class=\"aligncenter size-full wp-image-393\" title=\"krae_fl\u00fcssigb_4\" src=\"https:\/\/kraemer-industriebehaelter.de\/wp-content\/uploads\/2012\/08\/krae_fl\u00fcssigb_4.jpg\" alt=\"\" width=\"180\" height=\"130\" \/><\/td>\n<\/tr>\n<\/tbody>\n<\/table>\n<p><!--:--><\/p>","protected":false},"excerpt":{"rendered":"<p>Unser Lieferprogramm umfasst Fl\u00fcssiggasbeh\u00e4lter mit einem Fassungsverm\u00f6gen von 10.000 bis 500.000 Liter und 2.000 bis 4.500 mm Durchmesser f\u00fcr oberirdische oder unterirdische Lagerung in Graben- oder H\u00fcnengrablagerung mit Bitumen- oder &#8230;<\/p>","protected":false},"author":1,"featured_media":394,"parent":72,"menu_order":0,"comment_status":"closed","ping_status":"open","template":"","meta":{"footnotes":""},"class_list":["post-139","page","type-page","status-publish","has-post-thumbnail","hentry"],"_links":{"self":[{"href":"https:\/\/kraemer-industriebehaelter.de\/en\/wp-json\/wp\/v2\/pages\/139","targetHints":{"allow":["GET"]}}],"collection":[{"href":"https:\/\/kraemer-industriebehaelter.de\/en\/wp-json\/wp\/v2\/pages"}],"about":[{"href":"https:\/\/kraemer-industriebehaelter.de\/en\/wp-json\/wp\/v2\/types\/page"}],"author":[{"embeddable":true,"href":"https:\/\/kraemer-industriebehaelter.de\/en\/wp-json\/wp\/v2\/users\/1"}],"replies":[{"embeddable":true,"href":"https:\/\/kraemer-industriebehaelter.de\/en\/wp-json\/wp\/v2\/comments?post=139"}],"version-history":[{"count":31,"href":"https:\/\/kraemer-industriebehaelter.de\/en\/wp-json\/wp\/v2\/pages\/139\/revisions"}],"predecessor-version":[{"id":3183,"href":"https:\/\/kraemer-industriebehaelter.de\/en\/wp-json\/wp\/v2\/pages\/139\/revisions\/3183"}],"up":[{"embeddable":true,"href":"https:\/\/kraemer-industriebehaelter.de\/en\/wp-json\/wp\/v2\/pages\/72"}],"wp:featuredmedia":[{"embeddable":true,"href":"https:\/\/kraemer-industriebehaelter.de\/en\/wp-json\/wp\/v2\/media\/394"}],"wp:attachment":[{"href":"https:\/\/kraemer-industriebehaelter.de\/en\/wp-json\/wp\/v2\/media?parent=139"}],"curies":[{"name":"wp","href":"https:\/\/api.w.org\/{rel}","templated":true}]}}