{"id":132,"date":"2012-08-27T14:30:21","date_gmt":"2012-08-27T12:30:21","guid":{"rendered":"http:\/\/kraemer-industriebehaelter.de\/?page_id=132"},"modified":"2023-03-16T11:28:57","modified_gmt":"2023-03-16T09:28:57","slug":"kontakt","status":"publish","type":"page","link":"https:\/\/kraemer-industriebehaelter.de\/en\/kontakt","title":{"rendered":"Kontakt \/ Impressum"},"content":{"rendered":"<p>Kr\u00e4mer GmbH Industriebeh\u00e4lter<br>Donauw\u00f6rther Str. 47<br>86641 Rain am Lech<br>GERMANY<br><\/p>\n\n\n\n<p>Tel: +49 (0)9090 7009-0<br>Fax: +49 (0)9090 7009-33<br><\/p>\n\n\n\n<p>Homepage:<\/p>\n\n\n\n<p>www.kraemer-industriebehaelter.de<br><br>E-Mail:<\/p>\n\n\n\n<p>info(at)kraemer-industriebehaelter.de<\/p>\n\n\n\n<p><\/p>\n\n\n\n<p><\/p>\n\n\n\n<p><br><\/p>","protected":false},"excerpt":{"rendered":"<p>Kr\u00e4mer GmbH Industriebeh\u00e4lterDonauw\u00f6rther Str. 4786641 Rain am LechGERMANY Tel: +49 (0)9090 7009-0Fax: +49 (0)9090 7009-33 Homepage: www.kraemer-industriebehaelter.de E-Mail: info(at)kraemer-industriebehaelter.de<\/p>","protected":false},"author":1,"featured_media":0,"parent":0,"menu_order":0,"comment_status":"closed","ping_status":"open","template":"","meta":{"footnotes":""},"class_list":["post-132","page","type-page","status-publish","hentry"],"_links":{"self":[{"href":"https:\/\/kraemer-industriebehaelter.de\/en\/wp-json\/wp\/v2\/pages\/132","targetHints":{"allow":["GET"]}}],"collection":[{"href":"https:\/\/kraemer-industriebehaelter.de\/en\/wp-json\/wp\/v2\/pages"}],"about":[{"href":"https:\/\/kraemer-industriebehaelter.de\/en\/wp-json\/wp\/v2\/types\/page"}],"author":[{"embeddable":true,"href":"https:\/\/kraemer-industriebehaelter.de\/en\/wp-json\/wp\/v2\/users\/1"}],"replies":[{"embeddable":true,"href":"https:\/\/kraemer-industriebehaelter.de\/en\/wp-json\/wp\/v2\/comments?post=132"}],"version-history":[{"count":25,"href":"https:\/\/kraemer-industriebehaelter.de\/en\/wp-json\/wp\/v2\/pages\/132\/revisions"}],"predecessor-version":[{"id":3197,"href":"https:\/\/kraemer-industriebehaelter.de\/en\/wp-json\/wp\/v2\/pages\/132\/revisions\/3197"}],"wp:attachment":[{"href":"https:\/\/kraemer-industriebehaelter.de\/en\/wp-json\/wp\/v2\/media?parent=132"}],"curies":[{"name":"wp","href":"https:\/\/api.w.org\/{rel}","templated":true}]}}