{"id":130,"date":"2012-08-27T14:30:11","date_gmt":"2012-08-27T12:30:11","guid":{"rendered":"http:\/\/kraemer-industriebehaelter.de\/?page_id=130"},"modified":"2026-03-04T11:06:14","modified_gmt":"2026-03-04T09:06:14","slug":"news","status":"publish","type":"page","link":"https:\/\/kraemer-industriebehaelter.de\/en\/news","title":{"rendered":"Stellenangebot"},"content":{"rendered":"<p>\u00a0<\/p>\n<p>\u00a0<\/p>\n<p>Dein Start in die Zukunft:<\/p>\n<p><strong>Ausbildung zum Technischen Produktdesigner (m\/w\/d)<\/strong><\/p>\n<p><strong>Fachrichtung Maschinen- und Anlagenkonstruktion<\/strong><\/p>\n<p><strong>zum 01.09.2026<\/strong><\/p>\n<p>Als technischer Produktdesigner erstellst du bei uns technische Zeichnungen, Skizzen und Pl\u00e4ne von Beh\u00e4ltern nach Kundenvorgaben. Dabei arbeitest du mit modernen CAD-Systemen. Au\u00dferdem ber\u00fccksichtigst du Fertigungsverfahren und Werkstoffeigenschaften, planst sowie koordinierst Arbeitsabl\u00e4ufe und Konstruktionsprozesse.<\/p>\n<p>Die Ausbildungsdauer betr\u00e4gt 3,5 Jahre &#8211; mit der M\u00f6glichkeit zur Verk\u00fcrzung bei guten Leistungen im Betrieb und in der Berufsschule Augsburg (1-2 Tage\/Woche).<\/p>\n<p>Wir bieten dir eine faire, tarifbezogene Ausbildungsverg\u00fctung, 30 Tage Urlaub und Sonderzahlungen wie Urlaubs- und Weihnachtsgeld.<\/p>\n<p>Au\u00dferdem darfst du bei uns bereits nach kurzer Zeit aktiv an interessanten Projekten mitarbeiten und Verantwortung \u00fcbernehmen.<\/p>\n<p>Du bringst einen guten Realschulabschluss mit, insbesondere in den Hauptf\u00e4chern?<\/p>\n<p>R\u00e4umliches Vorstellungsverm\u00f6gen ist kein Fremdwort f\u00fcr Dich und du hast Interesse an technischen Dingen?<\/p>\n<p><strong>Dann freuen wir uns auf deine Bewerbung!<\/strong><\/p>\n<p>\u00a0<\/p>\n<p>Bewerbungen an Frau Degmayr<\/p>\n<p>bewerbung@kraemer-industriebehaelter.de oder schriftlich<\/p>\n<p>Telefon: 09090 7009 27<\/p>\n<p>\u00a0<\/p>\n<p>\u00a0<\/p>\n<p><u>wir suchen ab sofort:<\/u><\/p>\n<p>\u00a0<\/p>\n<p><strong>Beh\u00e4lterbauer\/Schwei\u00dfer (m\/w\/d)<\/strong><\/p>\n<p><strong>Technische F\u00e4higkeiten<\/strong><\/p>\n<ul>\n<li><strong>Schwei\u00dftechniken<\/strong>: Kenntnisse in den Schwei\u00dfverfahren MAG und WIG<\/li>\n<li><strong>Materialkenntnisse<\/strong>: Verstehen der Eigenschaften von Metallen und anderen Materialien, die geschwei\u00dft werden.<\/li>\n<li><strong>Zeichnungen lesen<\/strong>: F\u00e4higkeit, technische Zeichnungen und Pl\u00e4ne zu lesen und zu interpretieren.<\/li>\n<li><strong>Trittsicherheit und Schwindelfreiheit<\/strong>: Erforderlich f\u00fcr Arbeiten auf Leitern und Ger\u00fcsten.<\/li>\n<\/ul>\n<p><strong>Praktische Erfahrung<\/strong><\/p>\n<ul>\n<li><strong>Berufsausbildung<\/strong>: Eine abgeschlossene Ausbildung als Schwei\u00dfer oder in einem verwandten Berufsfeld w\u00fcnschenswert.<\/li>\n<li><strong>Arbeitserfahrung<\/strong>: Praktische Erfahrung in der Metallverarbeitung und im Schwei\u00dfen bevorzugt im Beh\u00e4lterbau.<\/li>\n<\/ul>\n<p>\u00a0<\/p>\n<p>Bewerbungen an bewerbung@kraemer-industriebehaelter.de oder schriftlich<\/p>\n<p>Telefon: 09090 7009 0<\/p>\n<p>\u00a0<\/p>\n<p><strong>Lackierer (m\/w\/d)<\/strong><\/p>\n<p><strong>Schwerpunkt: Airless-Spritztechnik &amp; 2\u2011Komponenten-Beschichtung<\/strong><\/p>\n<p>Der\/die Lackierer\/in ist verantwortlich f\u00fcr die fachgerechte Vorbereitung, Beschichtung und Nachbearbeitung von Bauteilen und Oberfl\u00e4chen. Der Schwerpunkt liegt auf dem Arbeiten mit <strong>Airless-Spritzsystemen<\/strong> sowie dem <strong>Auftragen von 2\u2011Komponenten-Lacken (2K)<\/strong> nach technischen Vorgaben und Qualit\u00e4tsstandards.<\/p>\n<p><strong>Hauptaufgaben<\/strong><\/p>\n<ul>\n<li>Fachgerechtes Bedienen von <strong>Airless-Spritzanlagen<\/strong><\/li>\n<li>Anmischen, Einstellen und Verarbeiten von <strong>2\u2011Komponenten-Lacken<\/strong> gem\u00e4\u00df Herstellerangaben<\/li>\n<li>Auftragen von Grund-, Zwischen- und Deckbeschichtungen<\/li>\n<\/ul>\n<p><strong>Anforderungen<\/strong><\/p>\n<p><strong>Fachliche Qualifikationen<\/strong><\/p>\n<ul>\n<li>Abgeschlossene Ausbildung als Lackierer\/in, Industrielackierer\/in oder vergleichbare Qualifikation<\/li>\n<li>Erfahrung im Umgang mit <strong>Airless-Spritzsystemen<\/strong> (oder Bereitschaft zur Einarbeitung)<\/li>\n<li>Sicherer Umgang mit <strong>2K-Lacken<\/strong> und deren Verarbeitung<\/li>\n<\/ul>\n<p>\u00a0<\/p>\n<p>Bewerbungen an bewerbung@kraemer-industriebehaelter.de oder schriftlich<\/p>\n<p>Telefon: 09090 7009 0<\/p>\n\n\n\n<p><\/p>\n\n\n\n\n\n<div class=\"wp-block-group\"><div class=\"wp-block-group__inner-container is-layout-flow wp-block-group-is-layout-flow\">\n<div class=\"wp-block-group\"><div class=\"wp-block-group__inner-container is-layout-flow wp-block-group-is-layout-flow\">\n<div class=\"wp-block-group\"><div class=\"wp-block-group__inner-container is-layout-flow wp-block-group-is-layout-flow\">\n<figure class=\"wp-block-gallery columns-1 is-cropped\">\n<ul class=\"blocks-gallery-grid\">\n<li class=\"blocks-gallery-item\">\u00a0<\/li>\n<\/ul>\n<\/figure>\n<\/div><\/div>\n<\/div><\/div>\n<\/div><\/div>\n\n\n\n<div class=\"wp-block-group\"><div class=\"wp-block-group__inner-container is-layout-flow wp-block-group-is-layout-flow\"><\/div><\/div>\n\n\n\n<p><\/p>\n\n\n\n<p><\/p>\n\n\n\n<p><\/p>\n\n\n\n<p><\/p>\n\n\n\n<p><\/p>\n\n\n\n<p><\/p>\n\n\n\n<p><\/p>","protected":false},"excerpt":{"rendered":"<p>\u00a0 \u00a0 Dein Start in die Zukunft: Ausbildung zum Technischen Produktdesigner (m\/w\/d) Fachrichtung Maschinen- und Anlagenkonstruktion zum 01.09.2026 Als technischer Produktdesigner erstellst du bei uns technische Zeichnungen, Skizzen und Pl\u00e4ne &#8230;<\/p>","protected":false},"author":1,"featured_media":2904,"parent":0,"menu_order":0,"comment_status":"closed","ping_status":"open","template":"","meta":{"footnotes":""},"class_list":["post-130","page","type-page","status-publish","has-post-thumbnail","hentry"],"_links":{"self":[{"href":"https:\/\/kraemer-industriebehaelter.de\/en\/wp-json\/wp\/v2\/pages\/130","targetHints":{"allow":["GET"]}}],"collection":[{"href":"https:\/\/kraemer-industriebehaelter.de\/en\/wp-json\/wp\/v2\/pages"}],"about":[{"href":"https:\/\/kraemer-industriebehaelter.de\/en\/wp-json\/wp\/v2\/types\/page"}],"author":[{"embeddable":true,"href":"https:\/\/kraemer-industriebehaelter.de\/en\/wp-json\/wp\/v2\/users\/1"}],"replies":[{"embeddable":true,"href":"https:\/\/kraemer-industriebehaelter.de\/en\/wp-json\/wp\/v2\/comments?post=130"}],"version-history":[{"count":161,"href":"https:\/\/kraemer-industriebehaelter.de\/en\/wp-json\/wp\/v2\/pages\/130\/revisions"}],"predecessor-version":[{"id":3372,"href":"https:\/\/kraemer-industriebehaelter.de\/en\/wp-json\/wp\/v2\/pages\/130\/revisions\/3372"}],"wp:featuredmedia":[{"embeddable":true,"href":"https:\/\/kraemer-industriebehaelter.de\/en\/wp-json\/wp\/v2\/media\/2904"}],"wp:attachment":[{"href":"https:\/\/kraemer-industriebehaelter.de\/en\/wp-json\/wp\/v2\/media?parent=130"}],"curies":[{"name":"wp","href":"https:\/\/api.w.org\/{rel}","templated":true}]}}