{"id":125,"date":"2012-08-27T14:28:10","date_gmt":"2012-08-27T12:28:10","guid":{"rendered":"http:\/\/kraemer-industriebehaelter.de\/?page_id=125"},"modified":"2023-03-16T11:18:10","modified_gmt":"2023-03-16T09:18:10","slug":"sonderbehalter-apparate","status":"publish","type":"page","link":"https:\/\/kraemer-industriebehaelter.de\/en\/produkte\/sonderbehalter-apparate","title":{"rendered":"Special tanks \/ Apparatus"},"content":{"rendered":"<p><!--:de--><\/p>\n<p>We produce apparatus, agitator tanks, autoclaves, columns, process tanks, pressure vessels, etc. for industrial processes, horizontal and vertical, for underground and above-ground storage, made of austenitic and ferritic steels.<\/p>\n<p>We design individually to your requirements, for example, to AD 2000, ASME, EN 13445, PD 5500, SVTI, \u00d6-Norm or CODAP standards.<\/p>\n<p><!--:--><!--:en--><\/p>\n<p><!--:--><\/p>\n\n\n<figure class=\"wp-block-gallery has-nested-images columns-3 is-cropped wp-block-gallery-1 is-layout-flex wp-block-gallery-is-layout-flex\">\n<figure class=\"wp-block-image size-large\"><img loading=\"lazy\" decoding=\"async\" width=\"180\" height=\"130\" data-id=\"378\" src=\"https:\/\/kraemer-industriebehaelter.de\/wp-content\/uploads\/2012\/08\/krae_sonderb_3.jpg\" alt=\"\" class=\"wp-image-378\"\/><\/figure>\n\n\n\n<figure class=\"wp-block-image size-large\"><img loading=\"lazy\" decoding=\"async\" width=\"380\" height=\"280\" data-id=\"380\" src=\"https:\/\/kraemer-industriebehaelter.de\/wp-content\/uploads\/2012\/08\/krae_sonderb_5.jpg\" alt=\"\" class=\"wp-image-380\" srcset=\"https:\/\/kraemer-industriebehaelter.de\/wp-content\/uploads\/2012\/08\/krae_sonderb_5.jpg 380w, https:\/\/kraemer-industriebehaelter.de\/wp-content\/uploads\/2012\/08\/krae_sonderb_5-300x221.jpg 300w\" sizes=\"auto, (max-width: 380px) 100vw, 380px\" \/><\/figure>\n\n\n\n<figure class=\"wp-block-image size-large\"><img loading=\"lazy\" decoding=\"async\" width=\"180\" height=\"130\" data-id=\"376\" src=\"https:\/\/kraemer-industriebehaelter.de\/wp-content\/uploads\/2012\/08\/krae_sonderb_1.jpg\" alt=\"\" class=\"wp-image-376\"\/><\/figure>\n\n\n\n<figure class=\"wp-block-image size-large\"><img loading=\"lazy\" decoding=\"async\" width=\"958\" height=\"1024\" data-id=\"2555\" src=\"https:\/\/kraemer-industriebehaelter.de\/wp-content\/uploads\/2019\/12\/20191204_124910A-1-958x1024.jpg\" alt=\"\" class=\"wp-image-2555\" srcset=\"https:\/\/kraemer-industriebehaelter.de\/wp-content\/uploads\/2019\/12\/20191204_124910A-1-958x1024.jpg 958w, https:\/\/kraemer-industriebehaelter.de\/wp-content\/uploads\/2019\/12\/20191204_124910A-1-281x300.jpg 281w, https:\/\/kraemer-industriebehaelter.de\/wp-content\/uploads\/2019\/12\/20191204_124910A-1-768x821.jpg 768w\" sizes=\"auto, (max-width: 958px) 100vw, 958px\" \/><\/figure>\n\n\n\n<figure class=\"wp-block-image size-large\"><img loading=\"lazy\" decoding=\"async\" width=\"1024\" height=\"1024\" data-id=\"2607\" src=\"https:\/\/kraemer-industriebehaelter.de\/wp-content\/uploads\/2020\/05\/Fast-aufgestellt-1024x1024.jpg\" alt=\"\" class=\"wp-image-2607\" srcset=\"https:\/\/kraemer-industriebehaelter.de\/wp-content\/uploads\/2020\/05\/Fast-aufgestellt-1024x1024.jpg 1024w, https:\/\/kraemer-industriebehaelter.de\/wp-content\/uploads\/2020\/05\/Fast-aufgestellt-300x300.jpg 300w, https:\/\/kraemer-industriebehaelter.de\/wp-content\/uploads\/2020\/05\/Fast-aufgestellt-150x150.jpg 150w, https:\/\/kraemer-industriebehaelter.de\/wp-content\/uploads\/2020\/05\/Fast-aufgestellt-768x769.jpg 768w, https:\/\/kraemer-industriebehaelter.de\/wp-content\/uploads\/2020\/05\/Fast-aufgestellt-1534x1536.jpg 1534w\" sizes=\"auto, (max-width: 1024px) 100vw, 1024px\" \/><\/figure>\n<\/figure>","protected":false},"excerpt":{"rendered":"<p>Wir fertigen f\u00fcr Sie Apparate, R\u00fchrbeh\u00e4lter, Autoklaven, Kolonnen, Prozessbeh\u00e4lter, Druckbeh\u00e4lter u.a. f\u00fcr verfahrenstechnische Prozesse in liegender und stehender Ausf\u00fchrung f\u00fcr unterirdische und oberirdische Lagerung aus austenitischen und ferritischen St\u00e4hlen. Die &#8230;<\/p>","protected":false},"author":1,"featured_media":2554,"parent":72,"menu_order":0,"comment_status":"closed","ping_status":"closed","template":"","meta":{"footnotes":""},"class_list":["post-125","page","type-page","status-publish","has-post-thumbnail","hentry"],"_links":{"self":[{"href":"https:\/\/kraemer-industriebehaelter.de\/en\/wp-json\/wp\/v2\/pages\/125","targetHints":{"allow":["GET"]}}],"collection":[{"href":"https:\/\/kraemer-industriebehaelter.de\/en\/wp-json\/wp\/v2\/pages"}],"about":[{"href":"https:\/\/kraemer-industriebehaelter.de\/en\/wp-json\/wp\/v2\/types\/page"}],"author":[{"embeddable":true,"href":"https:\/\/kraemer-industriebehaelter.de\/en\/wp-json\/wp\/v2\/users\/1"}],"replies":[{"embeddable":true,"href":"https:\/\/kraemer-industriebehaelter.de\/en\/wp-json\/wp\/v2\/comments?post=125"}],"version-history":[{"count":36,"href":"https:\/\/kraemer-industriebehaelter.de\/en\/wp-json\/wp\/v2\/pages\/125\/revisions"}],"predecessor-version":[{"id":3182,"href":"https:\/\/kraemer-industriebehaelter.de\/en\/wp-json\/wp\/v2\/pages\/125\/revisions\/3182"}],"up":[{"embeddable":true,"href":"https:\/\/kraemer-industriebehaelter.de\/en\/wp-json\/wp\/v2\/pages\/72"}],"wp:featuredmedia":[{"embeddable":true,"href":"https:\/\/kraemer-industriebehaelter.de\/en\/wp-json\/wp\/v2\/media\/2554"}],"wp:attachment":[{"href":"https:\/\/kraemer-industriebehaelter.de\/en\/wp-json\/wp\/v2\/media?parent=125"}],"curies":[{"name":"wp","href":"https:\/\/api.w.org\/{rel}","templated":true}]}}