{"id":105,"date":"2012-08-27T13:59:27","date_gmt":"2012-08-27T11:59:27","guid":{"rendered":"http:\/\/kraemer-industriebehaelter.de\/?page_id=105"},"modified":"2023-03-16T10:33:04","modified_gmt":"2023-03-16T08:33:04","slug":"referenzen","status":"publish","type":"page","link":"https:\/\/kraemer-industriebehaelter.de\/en\/about\/referenzen","title":{"rendered":"References"},"content":{"rendered":"<p>ADM, Hamburg &#8211; AGO, Kulmbach \u2013Ahrtal-Werke, Bad Neuenahr \u2013 Albemarle, Langelsheim \u2013 Alzchem Trostberg \u00a0\u2013 Arlanxeo, Dormagen \u2013 AVA, Herrsching &#8211; AVAG KVA, Thun, Schweiz \u2013 Aviko Deutschland, Rain &#8211; \u00a0Bachem, Bubendorf, Schweiz \u2013 Bayernoil, Neustadt &#8211; BHS Sonthofen Process Technology &#8211; Bilfinger Bohr- und Rohrtechnik, Wien \u2013 Bilfinger E.M.S., Cloppenburg \u2013 Bosch Industriekessel, Gunzenhausen \u2013 Brandt, Rodeberg \u2013\u00a0 Caliqua, Basel \u2013 Caloric Anlagenbau, Gr\u00e4feling \u2013 Carbo Kohlens\u00e4urewerke, Bad H\u00f6nningen \u2013 CCA Energiecluster Cottbus \u2013 Conaqua Wassertechnik, R\u00f6thenbach \u2013 Cordenka, Wuppertal &#8211; \u00a0CS Plan Ingenieurb\u00fcro, Hungerdorf \u2013 Cyrotec Anlagenbau, Wurzen &#8211;\u00a0\u00a0 Dassow Engineering \u2013 EFS Haustechnik, Kassel \u2013 Energieversorgung Titisee Neustadt \u2013 E.ON Bioerdgas, Essen &#8211; ETS Gilching &#8211; EUWA, G\u00e4rtringen \u2013 EVN, Maria Enzersdorf &#8211; \u00a0Evonik Operations, Marl \u2013 Exxon Mobil, Hannover \u2013 Fernw\u00e4rmeverbund Niederrhein, Dinslaken &#8211; \u00a0FormiChem Neuburg \u2013 Gastechnik Anlagenbau Siegert Swisstal \u2013 G\u00f6hler Anlagentechnik, H\u00f6sbach \u2013 Gr\u00fcnenthal Aachen \u2013 Hansa Industrieanlagen, Senden \u2013HEAT, Biedermannsdorf, \u00d6sterreich \u2013 Hilti, Kaufering &#8211;\u00a0 HKL Anlagentechnik, Gevelsberg \u2013 Holborn Europa Raffinerie, Hamburg \u00a0\u2013 Hoyer Visselh\u00f6vede \u2013 H &amp; R, Salzbergen \u2013 Huhtamaki Ronsberg \u2013 IAB Ionenaustauscher, Bitterfeld \u2013 Jeremias, Wassertr\u00fcdingen \u2013 \u00a0Keimfarben, Diedorf &#8211; Kelag W\u00e4rme, Villach, \u00d6sterreich \u2013 Kraftanlagen Hamburg \u2013 Krones, Neutraubling \u2013 \u00a0 Lanxess Deutschland, Leverkusen \/ K\u00f6ln \u2013 Linde, Pullach \u2013 LNT Gastechnik, Porta Westfalica \u2013 MAL, Klingenbach &#8211; Mehldau &amp; Steinfath, Hamburg \u2013 Alois M\u00fcller, Ungerhausen \u2013 Nahw\u00e4rme Beck, Harburg \u2013 Nalco Deutschland, Biebesheim &#8211; Nordwest Kavernengesellschaft Wilhelmshven \u2013 NQ Anlagentechnik, Rudelstetten \u2013 Nynas Hamburg \u2013 OAS, Bremen \u2013 Otechos Services, Akland, Norwegen \u2013 Pfaffinger, Passau &#8211; Pfalzwerke Ludwigshafen \u2013 Propan &amp; Ammoniak Anlagen, Salzgitter \u2013 ratiotherm, Dollnstein \u2013 RKM Arens Twist \u2013 R\u00f6hm, Darmstadt \u2013 Scharf, Bassum \u2013 Scharr CPC, Krefeld &#8211; Scharr Tec, Stuttgart \u2013 Schott, Mainz &#8211; Schwarzwaldmilch, Freiburg \u2013 SGL Carbon, Meitingen \u2013 Shanghai Quianreng, China \u2013 Sielmann, Bremen \u2013 SMS Group, Hilchenbach \u2013 Stadt Neuburg an der Donau \u2013 Stadtwerke Bad Waldsee \u2013 Stadtwerke Br\u00fchl &#8211; \u00a0St\u00e4dt. Werke Kassel &#8211; Standardkessel Baumgarte, Duisburg \u2013 Storengy Deutschland Berlin \u2013 Max Straube Chemnitz \u2013 Streicher Anlagentechnik, Niederwinkling \u2013 S\u00fcdzucker \u2013 Survitec, Eschershausen \u2013 Tannpapier, Traun, \u00d6sterreich \u2013 Trigas FL Neufahrn \u2013 T\u00dcV S\u00fcd, M\u00fcnchen \u2013 Universit\u00e4t Hohenheim, Stuttgart \u2013 VAU Thermotech, Heldungen \u2013 Wagner Fahrzeugbau, Deiningen &#8211; Wagner, Wechingen \u2013 Westfalen AG, M\u00fcnster \u2013 Wolter Sanit\u00e4r, Gelsenkirchen \u2013 Wurst Stahlbau, Bersenbr\u00fcck \u2013 Zauner Anlagentechnik, Wallern \u2013 Zeppelin Power Systems, Hamburg \u2013 Ziemann Holvrieka, Ludwigsburg<\/p>\n<p><!--:--><!--:en--><\/p>\n<p><!--:--><\/p>","protected":false},"excerpt":{"rendered":"<p>ADM, Hamburg &#8211; AGO, Kulmbach \u2013Ahrtal-Werke, Bad Neuenahr \u2013 Albemarle, Langelsheim \u2013 Alzchem Trostberg \u00a0\u2013 Arlanxeo, Dormagen \u2013 AVA, Herrsching &#8211; AVAG KVA, Thun, Schweiz \u2013 Aviko Deutschland, Rain &#8211; &#8230;<\/p>","protected":false},"author":1,"featured_media":2877,"parent":322,"menu_order":0,"comment_status":"closed","ping_status":"closed","template":"","meta":{"footnotes":""},"class_list":["post-105","page","type-page","status-publish","has-post-thumbnail","hentry"],"_links":{"self":[{"href":"https:\/\/kraemer-industriebehaelter.de\/en\/wp-json\/wp\/v2\/pages\/105","targetHints":{"allow":["GET"]}}],"collection":[{"href":"https:\/\/kraemer-industriebehaelter.de\/en\/wp-json\/wp\/v2\/pages"}],"about":[{"href":"https:\/\/kraemer-industriebehaelter.de\/en\/wp-json\/wp\/v2\/types\/page"}],"author":[{"embeddable":true,"href":"https:\/\/kraemer-industriebehaelter.de\/en\/wp-json\/wp\/v2\/users\/1"}],"replies":[{"embeddable":true,"href":"https:\/\/kraemer-industriebehaelter.de\/en\/wp-json\/wp\/v2\/comments?post=105"}],"version-history":[{"count":30,"href":"https:\/\/kraemer-industriebehaelter.de\/en\/wp-json\/wp\/v2\/pages\/105\/revisions"}],"predecessor-version":[{"id":3174,"href":"https:\/\/kraemer-industriebehaelter.de\/en\/wp-json\/wp\/v2\/pages\/105\/revisions\/3174"}],"up":[{"embeddable":true,"href":"https:\/\/kraemer-industriebehaelter.de\/en\/wp-json\/wp\/v2\/pages\/322"}],"wp:featuredmedia":[{"embeddable":true,"href":"https:\/\/kraemer-industriebehaelter.de\/en\/wp-json\/wp\/v2\/media\/2877"}],"wp:attachment":[{"href":"https:\/\/kraemer-industriebehaelter.de\/en\/wp-json\/wp\/v2\/media?parent=105"}],"curies":[{"name":"wp","href":"https:\/\/api.w.org\/{rel}","templated":true}]}}