{"id":103,"date":"2012-08-27T13:59:17","date_gmt":"2012-08-27T11:59:17","guid":{"rendered":"http:\/\/kraemer-industriebehaelter.de\/?page_id=103"},"modified":"2023-03-16T11:02:57","modified_gmt":"2023-03-16T09:02:57","slug":"firmengeschichte","status":"publish","type":"page","link":"https:\/\/kraemer-industriebehaelter.de\/en\/about\/firmengeschichte","title":{"rendered":"History"},"content":{"rendered":"<p><!--:de--><\/p>\n<table style=\"width: 100%;\" border=\"0\" width=\"100%\">\n<tbody>\n<tr>\n<td style=\"width: 10.6897%;\"><strong>1944<\/strong><\/td>\n<td style=\"width: 63.9655%;\">The company Walter Kr\u00e4mer GmbH is founded by Walter Kr\u00e4mer in Daaden<\/td>\n<td class=\"custom-td-img\" style=\"width: 23.6207%;\" rowspan=\"13\"><img loading=\"lazy\" decoding=\"async\" class=\"aligncenter size-full wp-image-289\" title=\"krae_firmengeschichte_2\" src=\"https:\/\/kraemer-industriebehaelter.de\/wp-content\/uploads\/2012\/08\/krae_firmengeschichte_2.jpg\" alt=\"\" width=\"180\" height=\"130\" \/><br \/><img loading=\"lazy\" decoding=\"async\" class=\"aligncenter size-full wp-image-366\" title=\"krae_firmengeschichte_3\" src=\"https:\/\/kraemer-industriebehaelter.de\/wp-content\/uploads\/2012\/08\/krae_firmengeschichte_3.jpg\" alt=\"\" width=\"180\" height=\"130\" \/>\n<p>\u00a0<\/p>\n<p><img loading=\"lazy\" decoding=\"async\" class=\"aligncenter size-full wp-image-367\" title=\"krae_firmengeschichte_4\" src=\"https:\/\/kraemer-industriebehaelter.de\/wp-content\/uploads\/2012\/08\/krae_firmengeschichte_4.jpg\" alt=\"\" width=\"180\" height=\"130\" \/><\/p>\n<p><img loading=\"lazy\" decoding=\"async\" class=\"aligncenter size-full wp-image-368\" title=\"krae_firmengeschichte_5\" src=\"https:\/\/kraemer-industriebehaelter.de\/wp-content\/uploads\/2012\/08\/krae_firmengeschichte_5.jpg\" alt=\"\" width=\"180\" height=\"130\" \/><\/p>\n<\/td>\n<\/tr>\n<tr>\n<td style=\"width: 10.6897%;\"><strong>1956<\/strong><\/td>\n<td style=\"width: 63.9655%;\">The predecessor company Schuster &amp; Beck moves from the town centre (Rain) to the present day location in Donauw\u00f6rther Stra\u00dfe<\/td>\n<\/tr>\n<tr>\n<td style=\"width: 10.6897%;\"><strong>1961<\/strong><\/td>\n<td style=\"width: 63.9655%;\">Construction of a second production building in Rain<\/td>\n<\/tr>\n<tr>\n<td style=\"width: 10.6897%;\"><strong>1969<\/strong><\/td>\n<td style=\"width: 63.9655%;\">Acquisition of Schuster und Beck in Rain am Lech by Walter Kr\u00e4mer GmbH<\/td>\n<\/tr>\n<tr>\n<td style=\"width: 10.6897%;\"><strong>1970<\/strong><\/td>\n<td style=\"width: 63.9655%;\">Start of operations in Rain as Apparatebau Biersdorf Walter Kr\u00e4mer GmbH<\/td>\n<\/tr>\n<tr>\n<td style=\"width: 10.6897%;\"><strong>1972<\/strong><\/td>\n<td style=\"width: 63.9655%;\">Enlargement and structural alterations to the production buildings<\/td>\n<\/tr>\n<tr>\n<td style=\"width: 10.6897%;\"><strong>1977<\/strong><\/td>\n<td style=\"width: 63.9655%;\">Demolition and reconstruction of the oldest building, enlargement of the second building and installation of a craneway<\/td>\n<\/tr>\n<tr>\n<td style=\"width: 10.6897%;\"><strong>1982<\/strong><\/td>\n<td style=\"width: 63.9655%;\">Construction of the new, third building<\/td>\n<\/tr>\n<tr>\n<td style=\"width: 10.6897%;\"><strong>1984<\/strong><\/td>\n<td style=\"width: 63.9655%;\">Construction of the present day administration building<\/td>\n<\/tr>\n<tr>\n<td style=\"width: 10.6897%;\"><strong>1994<\/strong><\/td>\n<td style=\"width: 63.9655%;\">Construction of the new paintshop and sandblasting building<\/td>\n<\/tr>\n<tr>\n<td style=\"width: 10.6897%;\"><strong>1999<\/strong><\/td>\n<td style=\"width: 63.9655%;\">The entire group of companies is renamed Walter Kr\u00e4mer Industrieanlagen<\/td>\n<\/tr>\n<tr>\n<td style=\"width: 10.6897%;\"><strong>2003<\/strong><\/td>\n<td style=\"width: 63.9655%;\">The plant in Rain am Lech is hived off and renamed Kr\u00e4mer GmbH Industriebeh\u00e4lter<\/td>\n<\/tr>\n<tr>\n<td style=\"width: 10.6897%;\"><strong>2010\/11<\/strong><\/td>\n<td style=\"width: 63.9655%;\">Demolition and reconstruction of a building with modern personnel rooms and foremen's offices<\/td>\n<\/tr>\n<\/tbody>\n<\/table>\n<p><!--:--><\/p>","protected":false},"excerpt":{"rendered":"<p>1944 Gr\u00fcndung der Firma Walter Kr\u00e4mer GmbH von Herrn Walter Kr\u00e4mer in Daaden \u00a0 1956 Umzug der Vorg\u00e4nger-Firma Schuster &amp; Beck aus der Innenstadt (Rain) an den heutigen Standort in &#8230;<\/p>","protected":false},"author":1,"featured_media":2859,"parent":322,"menu_order":0,"comment_status":"closed","ping_status":"closed","template":"","meta":{"footnotes":""},"class_list":["post-103","page","type-page","status-publish","has-post-thumbnail","hentry"],"_links":{"self":[{"href":"https:\/\/kraemer-industriebehaelter.de\/en\/wp-json\/wp\/v2\/pages\/103","targetHints":{"allow":["GET"]}}],"collection":[{"href":"https:\/\/kraemer-industriebehaelter.de\/en\/wp-json\/wp\/v2\/pages"}],"about":[{"href":"https:\/\/kraemer-industriebehaelter.de\/en\/wp-json\/wp\/v2\/types\/page"}],"author":[{"embeddable":true,"href":"https:\/\/kraemer-industriebehaelter.de\/en\/wp-json\/wp\/v2\/users\/1"}],"replies":[{"embeddable":true,"href":"https:\/\/kraemer-industriebehaelter.de\/en\/wp-json\/wp\/v2\/comments?post=103"}],"version-history":[{"count":48,"href":"https:\/\/kraemer-industriebehaelter.de\/en\/wp-json\/wp\/v2\/pages\/103\/revisions"}],"predecessor-version":[{"id":3180,"href":"https:\/\/kraemer-industriebehaelter.de\/en\/wp-json\/wp\/v2\/pages\/103\/revisions\/3180"}],"up":[{"embeddable":true,"href":"https:\/\/kraemer-industriebehaelter.de\/en\/wp-json\/wp\/v2\/pages\/322"}],"wp:featuredmedia":[{"embeddable":true,"href":"https:\/\/kraemer-industriebehaelter.de\/en\/wp-json\/wp\/v2\/media\/2859"}],"wp:attachment":[{"href":"https:\/\/kraemer-industriebehaelter.de\/en\/wp-json\/wp\/v2\/media?parent=103"}],"curies":[{"name":"wp","href":"https:\/\/api.w.org\/{rel}","templated":true}]}}